{"id":7,"date":"2018-10-11T15:08:49","date_gmt":"2018-10-11T12:08:49","guid":{"rendered":"https:\/\/buyinstagramlikes.io\/?page_id=7"},"modified":"2025-08-28T13:44:24","modified_gmt":"2025-08-28T10:44:24","slug":"buy-youtube-subscribers","status":"publish","type":"page","link":"https:\/\/videosgrow.com\/de\/buy-youtube-subscribers\/","title":{"rendered":"Abonnenten"},"content":{"rendered":"\n<h2 class=\"wp-block-heading\" id=\"was-muss-ich-tun-wenn-ich-gunstig-youtube-abonnenten-kaufen-will-warum-sind-abonnenten-uberhaupt-wichtig\">Was muss ich tun, wenn ich g\u00fcnstig YouTube Abonnenten kaufen will? Warum sind Abonnenten \u00fcberhaupt wichtig?<\/h2>\n\n\n\n<p>Der Kauf von Abonnenten auf YouTube geh\u00f6rt zu den \u00fcberzeugendsten\u00a0Marketing-Techniken\u00a0f\u00fcr Videoproduzenten. Die Anzahl an Abonnenten ist eine aussagekr\u00e4ftige Kennzahl, auf die fast alle YT Nutzer achten, um einzusch\u00e4tzen, ob dein Kanal legitim ist oder nicht.<\/p>\n\n\n\n<p>Unternehmer, die YouTube Abos kaufen, m\u00f6chten beweisen, dass ihr Kanal unterhaltsam, hilfreich und beliebt ist. Mehr Subscriber wecken bei den anderen Nutzern mehr Interesse f\u00fcr dein Videoangebot!<\/p>\n\n\n\n<p>YouTube Follower kaufen ist wirklich einfach, wenn man bedenkt, dass man hierf\u00fcr vertrauensw\u00fcrdige Unternehmen wie VideosGrow nutzen kann. Wir sind die YT Gurus, die an deiner Seite stehen, wenn Du deinen Einflussbereich ausweiten m\u00f6chtest!<\/p>\n\n\n\n<h3 class=\"wp-block-heading\" id=\"warum-sollte-ich-deutsche-youtube-abonnenten-kaufen-was-sind-die-vorteile\">Warum sollte ich deutsche YouTube Abonnenten kaufen? Was sind die Vorteile?<\/h3>\n\n\n\n<p>Durch den Kauf von Followern erh\u00e4ltst Du viele Vorteile. Wir haben einige f\u00fcr dich aufgef\u00fchrt:<\/p>\n\n\n\n<ul class=\"wp-block-list\">\n<li>Wenn die Menschen sehen, dass dein Kanal viele Abonnenten hat, sind sie eher dazu bereit, dir zu folgen. Das ist dem Mitl\u00e4ufereffekt zu verdanken.<\/li>\n\n\n\n<li>Damit dein Channel ernst genommen wird, brauchst Du schon fr\u00fch eine ganze Menge an Followern. Ansonsten k\u00f6nnten konkurrierende Kan\u00e4le aus deiner Nische einfach an dir vorbeiziehen.<\/li>\n\n\n\n<li>Wenn Du f\u00fcr echte, aktive YouTube Abonnenten bezahlst, steigt die Wahrscheinlichkeit, dass die Leute deine anderen Social Media Profile sowie deine Website aufsuchen.<\/li>\n<\/ul>\n\n\n\n<p>Videoproduzenten, die keine YT Abos kaufen, m\u00fcssen ihre Anh\u00e4ngerschaft auf strikt organische Weise ausweiten. Organisches Wachstum ist ein langsamer, schwieriger Prozess, der nicht sofort einsetzt. Aber Du willst sicherlich m\u00f6glichst schnell wahrgenommen werden?<\/p>\n\n\n\n<p>Die meisten Unternehmer haben einfach keine Zeit, abzuwarten. Selbst, wenn deine Videos absolut fantastisch sind, dauert es einfach zu lange, um eine profitable Anzahl an Followern zu erhalten.<\/p>\n\n\n\n<h2 class=\"wp-block-heading\" id=\"welche-arten-von-videoproduzenten-profitieren-am-meisten-davon-wenn-sie-yt-abonnenten-kaufen\">Welche Arten von Videoproduzenten profitieren am meisten davon, wenn sie YT Abonnenten kaufen?<\/h2>\n\n\n\n<p>F\u00fcr viele YT Nutzer kann es sich lohnen, f\u00fcr Abonnenten zu bezahlen. Dazu geh\u00f6ren:<\/p>\n\n\n\n<ul class=\"wp-block-list\">\n<li>Neuzug\u00e4nge auf der Plattform<\/li>\n\n\n\n<li>Unternehmer, die Produkte verkaufen und Aktionen durchf\u00fchren<\/li>\n\n\n\n<li>Unternehmer, die gerade erst eine neue Website aufgesetzt haben<\/li>\n\n\n\n<li>Influencer, die ein stagnierendes Wachstum auf Social Media verzeichnen<\/li>\n<\/ul>\n\n\n\n<h3 class=\"wp-block-heading\" id=\"ist-es-absolut-sicher-follower-auf-youtube-zu-kaufen\">Ist es absolut sicher, Follower auf YouTube zu kaufen?<\/h3>\n\n\n\n<p>Es ist zu 100% rechtm\u00e4\u00dfig und sicher, wenn Du deine Bekanntheit auf diese Weise etwas pushen willst. Es gibt kein Gesetz, das diese Art von Dienstleistung verbietet, und Du wirst auch keine Probleme mit YT haben, wenn Du einen Verk\u00e4ufer wie VideosGrow nutzt, der dich mit neuen Abonnenten versorgt.<\/p>\n\n\n\n<h2 class=\"wp-block-heading\" id=\"wo-kann-ich-echte-youtube-abonnenten-kaufen-warum-ist-videosgrow-die-beste-anlaufstelle-dafur\">Wo kann ich echte YouTube Abonnenten kaufen? Warum ist VideosGrow die beste Anlaufstelle daf\u00fcr?<\/h2>\n\n\n\n<p>VideosGrow ist der billigste Weg, um unverz\u00fcglich Glaubw\u00fcrdigkeit auf der Plattform zu erlangen. Hier sind nur einige Gr\u00fcnde, warum wir besser sind als die Konkurrenz:<\/p>\n\n\n\n<ul class=\"wp-block-list\">\n<li>Wir liefern ausschlie\u00dflich No Drop Follower, was bedeutet, dass die Accounts dir auch dann weiter folgen, wenn unsere Lieferung abgeschlossen ist.<\/li>\n\n\n\n<li>Wir sind die g\u00fcnstigste Seite, die diesen Service anbietet, weil wir das Internet aktiv nach M\u00f6glichkeiten durchsuchen, die Konkurrenz zu schlagen.<\/li>\n\n\n\n<li>Wir liefern hochqualitative Interaktionen mit deinem Kanal, die authentisch und echt menschlich sind. Deshalb sind wir die Nummer 1 in Deutschland!<\/li>\n\n\n\n<li>Wir besch\u00e4ftigen Experten, die ganz genau wissen, wie sie deine Bekanntheit auf YouTube steigern k\u00f6nnen, ohne deinem Account Schaden zuzuf\u00fcgen.<\/li>\n<\/ul>\n\n\n\n<h3 class=\"wp-block-heading\" id=\"wie-kann-man-fur-den-eigenen-yt-kanal-deutsche-abonnenten-kaufen\">Wie kann man f\u00fcr den eigenen YT Kanal deutsche Abonnenten kaufen?<\/h3>\n\n\n\n<p>Der Preis f\u00fcr unsere Dienstleistung h\u00e4ngt vom Umfang des bestellten Pakets an. F\u00fcr wenige Euro kannst Du bereits g\u00fcnstig YouTube Abonnenten erhalten.<\/p>\n\n\n\n<p>Wir bedienen auch YT Nutzer in den USA, Indien, Kanada, Australien, Nigeria und anderen L\u00e4ndern.<\/p>\n\n\n\n<p>So l\u00e4uft die Bestellung ab:<\/p>\n\n\n\n<ul class=\"wp-block-list\">\n<li>Entscheide dich f\u00fcr ein Paket.<\/li>\n\n\n\n<li>Versorge uns mit Informationen zu deinem Kanal.<\/li>\n\n\n\n<li>W\u00e4hle eine passende Zahlungsmethode, z.B. Kreditkarte, und gebe die ben\u00f6tigten Details ein.<\/li>\n\n\n\n<li>Gib deine E-Mail-Adresse ein, damit wir die Bestellung best\u00e4tigen k\u00f6nnen.<\/li>\n\n\n\n<li>Innerhalb von 24 Stunden werden deine ersten Fans eintrudeln.<\/li>\n<\/ul>\n","protected":false},"excerpt":{"rendered":"<p>Was muss ich tun, wenn ich g\u00fcnstig YouTube Abonnenten kaufen will? Warum sind Abonnenten \u00fcberhaupt wichtig? Der Kauf von Abonnenten auf YouTube geh\u00f6rt zu den \u00fcberzeugendsten\u00a0Marketing-Techniken\u00a0f\u00fcr Videoproduzenten. Die Anzahl an Abonnenten ist eine aussagekr\u00e4ftige Kennzahl, auf die fast alle YT Nutzer achten, um einzusch\u00e4tzen, ob dein Kanal legitim ist oder&#8230;<\/p>\n","protected":false},"author":1,"featured_media":0,"parent":0,"menu_order":0,"comment_status":"closed","ping_status":"closed","template":"","meta":{"_acf_changed":false,"footnotes":""},"class_list":["post-7","page","type-page","status-publish","hentry"],"translation":{"provider":"WPGlobus","version":"2.12.2","language":"de","enabled_languages":["en","de"],"languages":{"en":{"title":true,"content":true,"excerpt":false},"de":{"title":true,"content":true,"excerpt":false}}},"acf":[],"yoast_head":"<!-- This site is optimized with the Yoast SEO plugin v25.2 - https:\/\/yoast.com\/wordpress\/plugins\/seo\/ -->\n<title>\u1409 YouTube Abonnenten kaufen \u2611\ufe0f Billig &amp; Echte YT Abos<\/title>\n<meta name=\"description\" content=\"Kaufen\u3010YT Deutsche Abos\u3011G\u00fcnstig &amp; Echte \u2714\ufe0f Hoch qualitative Subs \u27a8 YouTube Follower f\u00fcr Kanal \u23e9 Top Preis \u26a1 Schnelle Lieferung \u2b50\ufe0f Legal &amp; Aktive\" \/>\n<meta name=\"robots\" content=\"index, follow, max-snippet:-1, max-image-preview:large, max-video-preview:-1\" \/>\n<link rel=\"canonical\" href=\"https:\/\/videosgrow.com\/buy-youtube-subscribers\/\" \/>\n<meta property=\"og:type\" content=\"article\" \/>\n<meta property=\"og:title\" content=\"\u1409 YouTube Abonnenten kaufen \u2611\ufe0f Billig &amp; Echte YT Abos\" \/>\n<meta property=\"og:description\" content=\"Kaufen\u3010YT Deutsche Abos\u3011G\u00fcnstig &amp; Echte \u2714\ufe0f Hoch qualitative Subs \u27a8 YouTube Follower f\u00fcr Kanal \u23e9 Top Preis \u26a1 Schnelle Lieferung \u2b50\ufe0f Legal &amp; Aktive\" \/>\n<meta property=\"og:url\" content=\"https:\/\/videosgrow.com\/buy-youtube-subscribers\/\" \/>\n<meta property=\"og:site_name\" content=\"VideosGrow\" \/>\n<meta property=\"og:image\" content=\"https:\/\/videosgrow.com\/de\/\/wp-content\/themes\/likes\/assets\/img\/videosgrow-logo.png\" \/><meta property=\"og:image\" content=\"https:\/\/videosgrow.com\/wp-content\/uploads\/2024\/01\/videosgrow-8.png\" \/>\n\t<meta property=\"og:image:width\" content=\"400\" \/>\n\t<meta property=\"og:image:height\" content=\"300\" \/>\n\t<meta property=\"og:image:type\" content=\"image\/png\" \/>\n<meta name=\"twitter:card\" content=\"summary_large_image\" \/>\n<meta name=\"twitter:title\" content=\"\u1409 YouTube Abonnenten kaufen \u2611\ufe0f Billig &amp; Echte YT Abos\" \/>\n<meta name=\"twitter:description\" content=\"Kaufen\u3010YT Deutsche Abos\u3011G\u00fcnstig &amp; Echte \u2714\ufe0f Hoch qualitative Subs \u27a8 YouTube Follower f\u00fcr Kanal \u23e9 Top Preis \u26a1 Schnelle Lieferung \u2b50\ufe0f Legal &amp; Aktive\" \/>\n<meta name=\"twitter:label1\" content=\"Est. reading time\" \/>\n\t<meta name=\"twitter:data1\" content=\"3 minutes\" \/>\n<!-- \/ Yoast SEO plugin. -->","yoast_head_json":{"title":"\u1409 YouTube Abonnenten kaufen \u2611\ufe0f Billig & Echte YT Abos","description":"Kaufen\u3010YT Deutsche Abos\u3011G\u00fcnstig & Echte \u2714\ufe0f Hoch qualitative Subs \u27a8 YouTube Follower f\u00fcr Kanal \u23e9 Top Preis \u26a1 Schnelle Lieferung \u2b50\ufe0f Legal & Aktive","robots":{"index":"index","follow":"follow","max-snippet":"max-snippet:-1","max-image-preview":"max-image-preview:large","max-video-preview":"max-video-preview:-1"},"canonical":"https:\/\/videosgrow.com\/buy-youtube-subscribers\/","og_type":"article","og_title":"\u1409 YouTube Abonnenten kaufen \u2611\ufe0f Billig & Echte YT Abos","og_description":"Kaufen\u3010YT Deutsche Abos\u3011G\u00fcnstig & Echte \u2714\ufe0f Hoch qualitative Subs \u27a8 YouTube Follower f\u00fcr Kanal \u23e9 Top Preis \u26a1 Schnelle Lieferung \u2b50\ufe0f Legal & Aktive","og_url":"https:\/\/videosgrow.com\/buy-youtube-subscribers\/","og_site_name":"VideosGrow","og_image":[{"url":"https:\/\/videosgrow.com\/de\/\/wp-content\/themes\/likes\/assets\/img\/videosgrow-logo.png","type":"","width":"","height":""},{"width":400,"height":300,"url":"https:\/\/videosgrow.com\/wp-content\/uploads\/2024\/01\/videosgrow-8.png","type":"image\/png"}],"twitter_card":"summary_large_image","twitter_title":"\u1409 YouTube Abonnenten kaufen \u2611\ufe0f Billig & Echte YT Abos","twitter_description":"Kaufen\u3010YT Deutsche Abos\u3011G\u00fcnstig & Echte \u2714\ufe0f Hoch qualitative Subs \u27a8 YouTube Follower f\u00fcr Kanal \u23e9 Top Preis \u26a1 Schnelle Lieferung \u2b50\ufe0f Legal & Aktive","twitter_misc":{"Est. reading time":"3 minutes"},"schema":{"@context":"https:\/\/schema.org","@graph":[{"@type":"WebPage","@id":"https:\/\/videosgrow.com\/buy-youtube-subscribers\/","url":"https:\/\/videosgrow.com\/buy-youtube-subscribers\/","name":"\u1409 YouTube Abonnenten kaufen \u2611\ufe0f Billig & Echte YT Abos","isPartOf":{"@id":"https:\/\/videosgrow.com\/#website"},"primaryImageOfPage":{"@id":"https:\/\/videosgrow.com\/buy-youtube-subscribers\/#primaryimage"},"image":{"@id":"https:\/\/videosgrow.com\/buy-youtube-subscribers\/#primaryimage"},"thumbnailUrl":"https:\/\/videosgrow.com\/wp-content\/uploads\/2024\/01\/videosgrow-8.png","datePublished":"2018-10-11T12:08:49+00:00","dateModified":"2025-08-28T10:44:24+00:00","description":"Kaufen\u3010YT Deutsche Abos\u3011G\u00fcnstig & Echte \u2714\ufe0f Hoch qualitative Subs \u27a8 YouTube Follower f\u00fcr Kanal \u23e9 Top Preis \u26a1 Schnelle Lieferung \u2b50\ufe0f Legal & Aktive","breadcrumb":{"@id":"https:\/\/videosgrow.com\/buy-youtube-subscribers\/#breadcrumb"},"inLanguage":"de-DE","potentialAction":[{"@type":"ReadAction","target":["https:\/\/videosgrow.com\/buy-youtube-subscribers\/"]}]},{"@type":"ImageObject","inLanguage":"de-DE","@id":"https:\/\/videosgrow.com\/buy-youtube-subscribers\/#primaryimage","url":"https:\/\/videosgrow.com\/wp-content\/uploads\/2024\/01\/videosgrow-8.png","contentUrl":"https:\/\/videosgrow.com\/wp-content\/uploads\/2024\/01\/videosgrow-8.png"},{"@type":"BreadcrumbList","@id":"https:\/\/videosgrow.com\/buy-youtube-subscribers\/#breadcrumb","itemListElement":[{"@type":"ListItem","position":1,"name":"\u0413\u043b\u0430\u0432\u043d\u0430\u044f \u0441\u0442\u0440\u0430\u043d\u0438\u0446\u0430","item":"https:\/\/videosgrow.com\/"},{"@type":"ListItem","position":2,"name":"Subscribers"}]},{"@type":"WebSite","@id":"https:\/\/videosgrow.com\/#website","url":"https:\/\/videosgrow.com\/","name":"VideosGrow","description":"Real Instant Youtube Views &amp; Likes","potentialAction":[{"@type":"SearchAction","target":{"@type":"EntryPoint","urlTemplate":"https:\/\/videosgrow.com\/?s={search_term_string}"},"query-input":{"@type":"PropertyValueSpecification","valueRequired":true,"valueName":"search_term_string"}}],"inLanguage":"de-DE"}]}},"_links":{"self":[{"href":"https:\/\/videosgrow.com\/de\/wp-json\/wp\/v2\/pages\/7","targetHints":{"allow":["GET"]}}],"collection":[{"href":"https:\/\/videosgrow.com\/de\/wp-json\/wp\/v2\/pages"}],"about":[{"href":"https:\/\/videosgrow.com\/de\/wp-json\/wp\/v2\/types\/page"}],"author":[{"embeddable":true,"href":"https:\/\/videosgrow.com\/de\/wp-json\/wp\/v2\/users\/1"}],"replies":[{"embeddable":true,"href":"https:\/\/videosgrow.com\/de\/wp-json\/wp\/v2\/comments?post=7"}],"version-history":[{"count":195,"href":"https:\/\/videosgrow.com\/de\/wp-json\/wp\/v2\/pages\/7\/revisions"}],"predecessor-version":[{"id":11165,"href":"https:\/\/videosgrow.com\/de\/wp-json\/wp\/v2\/pages\/7\/revisions\/11165"}],"wp:attachment":[{"href":"https:\/\/videosgrow.com\/de\/wp-json\/wp\/v2\/media?parent=7"}],"curies":[{"name":"wp","href":"https:\/\/api.w.org\/{rel}","templated":true}]}}