{"id":660,"date":"2019-02-05T16:00:56","date_gmt":"2019-02-05T13:00:56","guid":{"rendered":"http:\/\/youtubegrow.com\/?page_id=660"},"modified":"2025-08-28T13:44:29","modified_gmt":"2025-08-28T10:44:29","slug":"buy-youtube-comments","status":"publish","type":"page","link":"https:\/\/videosgrow.com\/de\/buy-youtube-comments\/","title":{"rendered":"Kommentare"},"content":{"rendered":"\n<h2 class=\"wp-block-heading\" id=\"kaufen-sie-youtube-kommentare-um-beliebt-zu-werden\">Kaufen Sie YouTube-Kommentare, um beliebt zu werden<\/h2>\n\n\n\n<h3 class=\"wp-block-heading\" id=\"welche-rolle-spielen-youtube-kommentare\"><b>Welche Rolle spielen YouTube-Kommentare?<\/b><\/h3>\n\n\n\n<p>Fast jeder User m\u00f6chte eine hohe Popularit\u00e4t seines YouTube-Kanals im Handumdrehen erreichen und ist bereit, alles daf\u00fcr zu tun. Auf jeden Fall erfordern die Ma\u00dfnahmen, die Sie ergreifen m\u00fcssen, um den Kanal effektiv zu f\u00f6rdern, dass Sie die Arbeitskosten maximieren.<\/p>\n\n\n\n<p>So viele Zuschauer wie m\u00f6glich anzuziehen und Ihr Publikum zu motivieren, sich in Form von Kommentaren und Likes f\u00fcr Ihre Inhalte zu interessieren, geh\u00f6rt zu den produktivsten und besten M\u00f6glichkeiten, Ihren Kanal zu st\u00e4rken. Je mehr Kommentare Sie erhalten, desto besser ist das Ergebnis und umso wahrscheinlicher ist es, dass Ihre Videos in beliebten Listen aufgef\u00fchrt werden, da die Anzahl der Kommentare direkt das Ranking des Videos auf YouTube beeinflusst. Das soziale Netzwerk schafft einen eigenen Online-Markt, der schnelle Aktionen erfordert, wenn man ein echter Influencer werden will.<\/p>\n\n\n\n<h2 class=\"wp-block-heading\" id=\"warum-sollte-ich-youtube-kommentare-kaufen\">Warum sollte ich YouTube-Kommentare kaufen?<\/h2>\n\n\n\n<p>Wenn Sie Ihre Videos sichtbarer machen, ein breites Publikum erreichen und sich aktiv gegen Tausende von Konkurrenten beweisen wollen, dann k\u00f6nnen Sie jederzeit Kommentare f\u00fcr Ihren YouTube-Kanal kaufen. So erhalten Ihre Videos eine Chance, von vielen anderen Nutzern gesehen zu werden.<\/p>\n\n\n\n<p>Ein solcher Kauf wird Ihnen helfen, Zeit zu sparen, da Sie sich nur f\u00fcr eine Dienstleistung entscheiden m\u00fcssen, indem Sie unter den verschiedenen Paketen das Angebot ausw\u00e4hlen, das am besten f\u00fcr Sie ist. Dar\u00fcber hinaus erhalten Sie beim Kauf von YouTube-Kommentaren die M\u00f6glichkeit:<\/p>\n\n\n\n<ul class=\"wp-block-list\"><li>Ihre Videos im Ranking sehr schnell zu erh\u00f6hen<\/li><li>Mehr Zuschauer auf Ihren Kanal zu ziehen<\/li><li>Die Qualit\u00e4t Ihrer Inhalte zu verbessern<\/li><li>Ihre Videos einem breiten Publikum zu zeigen<\/li><li>Neue Ideen umzusetzen<\/li><li>Die Aufmerksamkeit der Benutzer zu erh\u00f6hen<\/li><li>Zeit, Nerven und Geld zu sparen<\/li><\/ul>\n","protected":false},"excerpt":{"rendered":"<p>Kaufen Sie YouTube-Kommentare, um beliebt zu werden Welche Rolle spielen YouTube-Kommentare? Fast jeder User m\u00f6chte eine hohe Popularit\u00e4t seines YouTube-Kanals im Handumdrehen erreichen und ist bereit, alles daf\u00fcr zu tun. Auf jeden Fall erfordern die Ma\u00dfnahmen, die Sie ergreifen m\u00fcssen, um den Kanal effektiv zu f\u00f6rdern, dass Sie die Arbeitskosten&#8230;<\/p>\n","protected":false},"author":2,"featured_media":0,"parent":0,"menu_order":0,"comment_status":"closed","ping_status":"closed","template":"","meta":{"_acf_changed":false,"footnotes":""},"class_list":["post-660","page","type-page","status-publish","hentry"],"translation":{"provider":"WPGlobus","version":"2.12.2","language":"de","enabled_languages":["en","de"],"languages":{"en":{"title":true,"content":true,"excerpt":false},"de":{"title":true,"content":true,"excerpt":false}}},"acf":[],"yoast_head":"<!-- This site is optimized with the Yoast SEO plugin v25.2 - https:\/\/yoast.com\/wordpress\/plugins\/seo\/ -->\n<title>\u1409 YouTube Kommentare kaufen \ud83e\udd47 Deutsche &amp; Echte f\u00fcr YT<\/title>\n<meta name=\"description\" content=\"Kaufen\u3010Deutsche\u3011YouTube Kommentare \u26a1 Beste Qualit\u00e4t &amp; Sofortlieferung \u2b50\ufe0f G\u00fcnstig YT Kommentare f\u00fcr Videos am Top Preise \u23e9 100% Sicher &amp; Diskret\" \/>\n<meta name=\"robots\" content=\"index, follow, max-snippet:-1, max-image-preview:large, max-video-preview:-1\" \/>\n<link rel=\"canonical\" href=\"https:\/\/videosgrow.com\/buy-youtube-comments\/\" \/>\n<meta property=\"og:type\" content=\"article\" \/>\n<meta property=\"og:title\" content=\"\u1409 YouTube Kommentare kaufen \ud83e\udd47 Deutsche &amp; Echte f\u00fcr YT\" \/>\n<meta property=\"og:description\" content=\"Kaufen\u3010Deutsche\u3011YouTube Kommentare \u26a1 Beste Qualit\u00e4t &amp; Sofortlieferung \u2b50\ufe0f G\u00fcnstig YT Kommentare f\u00fcr Videos am Top Preise \u23e9 100% Sicher &amp; Diskret\" \/>\n<meta property=\"og:url\" content=\"https:\/\/videosgrow.com\/buy-youtube-comments\/\" \/>\n<meta property=\"og:site_name\" content=\"VideosGrow\" \/>\n<meta property=\"og:image\" content=\"https:\/\/videosgrow.com\/de\/\/wp-content\/themes\/likes\/assets\/img\/videosgrow-logo.png\" \/><meta property=\"og:image\" content=\"https:\/\/videosgrow.com\/wp-content\/uploads\/2024\/01\/videosgrow-4.png\" \/>\n\t<meta property=\"og:image:width\" content=\"400\" \/>\n\t<meta property=\"og:image:height\" content=\"300\" \/>\n\t<meta property=\"og:image:type\" content=\"image\/png\" \/>\n<meta name=\"twitter:card\" content=\"summary_large_image\" \/>\n<meta name=\"twitter:title\" content=\"\u1409 YouTube Kommentare kaufen \ud83e\udd47 Deutsche &amp; Echte f\u00fcr YT\" \/>\n<meta name=\"twitter:description\" content=\"Kaufen\u3010Deutsche\u3011YouTube Kommentare \u26a1 Beste Qualit\u00e4t &amp; Sofortlieferung \u2b50\ufe0f G\u00fcnstig YT Kommentare f\u00fcr Videos am Top Preise \u23e9 100% Sicher &amp; Diskret\" \/>\n<meta name=\"twitter:label1\" content=\"Est. reading time\" \/>\n\t<meta name=\"twitter:data1\" content=\"2 minutes\" \/>\n<!-- \/ Yoast SEO plugin. -->","yoast_head_json":{"title":"\u1409 YouTube Kommentare kaufen \ud83e\udd47 Deutsche & Echte f\u00fcr YT","description":"Kaufen\u3010Deutsche\u3011YouTube Kommentare \u26a1 Beste Qualit\u00e4t & Sofortlieferung \u2b50\ufe0f G\u00fcnstig YT Kommentare f\u00fcr Videos am Top Preise \u23e9 100% Sicher & Diskret","robots":{"index":"index","follow":"follow","max-snippet":"max-snippet:-1","max-image-preview":"max-image-preview:large","max-video-preview":"max-video-preview:-1"},"canonical":"https:\/\/videosgrow.com\/buy-youtube-comments\/","og_type":"article","og_title":"\u1409 YouTube Kommentare kaufen \ud83e\udd47 Deutsche & Echte f\u00fcr YT","og_description":"Kaufen\u3010Deutsche\u3011YouTube Kommentare \u26a1 Beste Qualit\u00e4t & Sofortlieferung \u2b50\ufe0f G\u00fcnstig YT Kommentare f\u00fcr Videos am Top Preise \u23e9 100% Sicher & Diskret","og_url":"https:\/\/videosgrow.com\/buy-youtube-comments\/","og_site_name":"VideosGrow","og_image":[{"url":"https:\/\/videosgrow.com\/de\/\/wp-content\/themes\/likes\/assets\/img\/videosgrow-logo.png","type":"","width":"","height":""},{"width":400,"height":300,"url":"https:\/\/videosgrow.com\/wp-content\/uploads\/2024\/01\/videosgrow-4.png","type":"image\/png"}],"twitter_card":"summary_large_image","twitter_title":"\u1409 YouTube Kommentare kaufen \ud83e\udd47 Deutsche & Echte f\u00fcr YT","twitter_description":"Kaufen\u3010Deutsche\u3011YouTube Kommentare \u26a1 Beste Qualit\u00e4t & Sofortlieferung \u2b50\ufe0f G\u00fcnstig YT Kommentare f\u00fcr Videos am Top Preise \u23e9 100% Sicher & Diskret","twitter_misc":{"Est. reading time":"2 minutes"},"schema":{"@context":"https:\/\/schema.org","@graph":[{"@type":"WebPage","@id":"https:\/\/videosgrow.com\/buy-youtube-comments\/","url":"https:\/\/videosgrow.com\/buy-youtube-comments\/","name":"\u1409 YouTube Kommentare kaufen \ud83e\udd47 Deutsche & Echte f\u00fcr YT","isPartOf":{"@id":"https:\/\/videosgrow.com\/#website"},"primaryImageOfPage":{"@id":"https:\/\/videosgrow.com\/buy-youtube-comments\/#primaryimage"},"image":{"@id":"https:\/\/videosgrow.com\/buy-youtube-comments\/#primaryimage"},"thumbnailUrl":"https:\/\/videosgrow.com\/wp-content\/uploads\/2024\/01\/videosgrow-4.png","datePublished":"2019-02-05T13:00:56+00:00","dateModified":"2025-08-28T10:44:29+00:00","description":"Kaufen\u3010Deutsche\u3011YouTube Kommentare \u26a1 Beste Qualit\u00e4t & Sofortlieferung \u2b50\ufe0f G\u00fcnstig YT Kommentare f\u00fcr Videos am Top Preise \u23e9 100% Sicher & Diskret","breadcrumb":{"@id":"https:\/\/videosgrow.com\/buy-youtube-comments\/#breadcrumb"},"inLanguage":"de-DE","potentialAction":[{"@type":"ReadAction","target":["https:\/\/videosgrow.com\/buy-youtube-comments\/"]}]},{"@type":"ImageObject","inLanguage":"de-DE","@id":"https:\/\/videosgrow.com\/buy-youtube-comments\/#primaryimage","url":"https:\/\/videosgrow.com\/wp-content\/uploads\/2024\/01\/videosgrow-4.png","contentUrl":"https:\/\/videosgrow.com\/wp-content\/uploads\/2024\/01\/videosgrow-4.png"},{"@type":"BreadcrumbList","@id":"https:\/\/videosgrow.com\/buy-youtube-comments\/#breadcrumb","itemListElement":[{"@type":"ListItem","position":1,"name":"\u0413\u043b\u0430\u0432\u043d\u0430\u044f \u0441\u0442\u0440\u0430\u043d\u0438\u0446\u0430","item":"https:\/\/videosgrow.com\/"},{"@type":"ListItem","position":2,"name":"\u0421omments"}]},{"@type":"WebSite","@id":"https:\/\/videosgrow.com\/#website","url":"https:\/\/videosgrow.com\/","name":"VideosGrow","description":"Real Instant Youtube Views &amp; Likes","potentialAction":[{"@type":"SearchAction","target":{"@type":"EntryPoint","urlTemplate":"https:\/\/videosgrow.com\/?s={search_term_string}"},"query-input":{"@type":"PropertyValueSpecification","valueRequired":true,"valueName":"search_term_string"}}],"inLanguage":"de-DE"}]}},"_links":{"self":[{"href":"https:\/\/videosgrow.com\/de\/wp-json\/wp\/v2\/pages\/660","targetHints":{"allow":["GET"]}}],"collection":[{"href":"https:\/\/videosgrow.com\/de\/wp-json\/wp\/v2\/pages"}],"about":[{"href":"https:\/\/videosgrow.com\/de\/wp-json\/wp\/v2\/types\/page"}],"author":[{"embeddable":true,"href":"https:\/\/videosgrow.com\/de\/wp-json\/wp\/v2\/users\/2"}],"replies":[{"embeddable":true,"href":"https:\/\/videosgrow.com\/de\/wp-json\/wp\/v2\/comments?post=660"}],"version-history":[{"count":132,"href":"https:\/\/videosgrow.com\/de\/wp-json\/wp\/v2\/pages\/660\/revisions"}],"predecessor-version":[{"id":11020,"href":"https:\/\/videosgrow.com\/de\/wp-json\/wp\/v2\/pages\/660\/revisions\/11020"}],"wp:attachment":[{"href":"https:\/\/videosgrow.com\/de\/wp-json\/wp\/v2\/media?parent=660"}],"curies":[{"name":"wp","href":"https:\/\/api.w.org\/{rel}","templated":true}]}}