{"id":4700,"date":"2021-07-05T13:53:58","date_gmt":"2021-07-05T10:53:58","guid":{"rendered":"https:\/\/videosgrow.com\/?page_id=4700"},"modified":"2025-08-28T13:44:05","modified_gmt":"2025-08-28T10:44:05","slug":"comment-likes","status":"publish","type":"page","link":"https:\/\/videosgrow.com\/de\/comment-likes\/","title":{"rendered":"YouTube Kommentare Likes kaufen"},"content":{"rendered":"\n<p>Sie wollen g\u00fcnstig an mehr Zuschauer rankommen? Sie m\u00f6chten, dass Ihre Videos zum Gespr\u00e4chsthema werden? Dann k\u00f6nnen Sie YouTube Kommentare Likes kaufen! Wie das geht und wieso es sich lohnt, erfahren Sie hier.<\/p>\n\n\n\n<h2 class=\"wp-block-heading\" id=\"sind-likes-auf-youtube-kommentare-uberhaupt-wichtig\">Sind Likes auf YouTube Kommentare \u00fcberhaupt wichtig?<\/h2>\n\n\n\n<p>Jeder Vlogger und Content Creater m\u00f6chte so viel Aufmerksamkeit wie m\u00f6glich erhalten. Dabei darf man auch die Kommentar Likes nicht vergessen! Wer viele von ihnen unterhalb seines Videos erh\u00e4lt, darf sich \u00fcber ein besseres Ranking und eine h\u00f6here Sichtbarkeit auf YouTube freuen. Denn f\u00fcr den YT Algorithmus gilt: Videos mit h\u00f6heren Interaktionsraten werden h\u00f6her eingestuft. Inhalte, \u00fcber die Zuschauer aktiv diskutieren, werden als beliebt und interessant angesehen. Deshalb sind solche Ma\u00dfnahmen ein effektives Tool, um ein gr\u00f6\u00dferes Publikum anzulocken.<\/p>\n\n\n\n<h2 class=\"wp-block-heading\" id=\"6-grunde-wieso-sie-yt-kommentare-likes-kaufen-sollten\">6 Gr\u00fcnde, wieso Sie YT Kommentare Likes kaufen sollten<\/h2>\n\n\n\n<ul class=\"wp-block-list\">\n<li>Sie zeigen an, dass die Zuschauer mit Ihren Video-Inhalten interagieren<\/li>\n\n\n\n<li>Durch sie erzielt Ihr Video ein besseres Suchmaschinen-Ranking<\/li>\n\n\n\n<li>Ihr Kanal erzielt eine bessere Sichtbarkeit auf der Plattform und wird schneller gefunden<\/li>\n\n\n\n<li>Es f\u00e4llt Ihnen leichter, Abonnenten zu gewinnen und Ihren Kanal organisch wachsen zu lassen<\/li>\n\n\n\n<li>Mehr Abonnenten f\u00fchren zu mehr potentiellen Kunden und zu gesch\u00e4ftlichem Erfolg<\/li>\n\n\n\n<li>Positive Meinungen werden bewusst in den Vordergrund ger\u00fcckt: Erh\u00e4lt ein Kommentar viele Upvotes, erscheint es direkt unterhalb der Videobeschreibung<\/li>\n<\/ul>\n\n\n\n<h3 class=\"wp-block-heading\" id=\"fur-wen-lohnt-es-sich-youtube-kommentar-likes-zu-kaufen\">F\u00fcr wen lohnt es sich, YouTube Kommentar Likes zu kaufen?<\/h3>\n\n\n\n<p>Wenn Sie noch in den Startl\u00f6chern stehen und ein organisches Wachstum f\u00fcr Ihren Channel anstreben, k\u00f6nnen derartige Likes sehr hilfreich sein. Ob Nachwuchs-Influencer, Journalist oder Kleinunternehmer &#8211; das Kaufen von ihnen lohnt sich f\u00fcr alle YouTube Nutzer, die ihrem Video einen Push verleihen m\u00f6chten. Allerdings machen auch Profis von dem Angebot Gebrauch. Von unserem Service profitiert im Grunde jeder, der seine Beliebtheit auf YouTube steigern m\u00f6chte oder einfach nur einen lobenden Kommentar hervorheben will!&nbsp;<\/p>\n\n\n\n<h2 class=\"wp-block-heading\" id=\"welche-vorteile-bietet-das-kaufen-von-likes-fur-kommentare\">Welche Vorteile bietet das Kaufen von Likes f\u00fcr Kommentare?<\/h2>\n\n\n\n<ul class=\"wp-block-list\">\n<li>Positive Reaktion unter Ihrem Video regen die Diskussion weiter an, was den Inhalt in den Augen der Zielgruppe interessanter erscheinen l\u00e4sst<\/li>\n\n\n\n<li>Das organische Wachstum Ihres YT Kanals wird angeheizt und Sie erreichen schneller Ihre Ziele<\/li>\n\n\n\n<li>Ihre Website erh\u00e4lt mehr Traffic<\/li>\n\n\n\n<li>Influencer und Werbetreibende werden auf Sie aufmerksam und schlagen wom\u00f6glich Kollaborationen vor<\/li>\n\n\n\n<li>Sie k\u00f6nnen das Wachstum Ihrer Marke selbst in die Hand nehmen und m\u00fcssen nicht warten, bis andere per Zufall Ihren Kanal entdecken<\/li>\n\n\n\n<li>Das Paket kostet nicht die Welt: F\u00fcr deutsche Nutzer ist dies ein kosteneffizienter Weg, um schnell an neue Zuschauer zu kommen<\/li>\n<\/ul>\n\n\n\n<h2 class=\"wp-block-heading\" id=\"warum-ist-videosgrow-die-beste-option-fur-echte-und-hochwertige-service\">Warum ist VideosGrow die beste Option f\u00fcr echte und hochwertige Service?<\/h2>\n\n\n\n<p>Es gibt nat\u00fcrlich auch andere Seiten, auf denen Sie online <a href=\"https:\/\/videosgrow.com\/de\/buy-youtube-comments\/\">YT Kommentare<\/a> Likes kaufen k\u00f6nnen. Doch VideosGrow gestaltet den Prozess besonders einfach und schnell. Wir achten stets auf einen fairen Preis f\u00fcr unseren Service: Wenn Sie Ihre Pakete bei uns kaufen, haben Sie das Gef\u00fchl, eine gute Investition in die Zukunft Ihrer Marke get\u00e4tigt zu haben. Bei uns l\u00e4uft alles professionell, sicher und legitim ab. Zudem achten wir auf eine zuverl\u00e4ssige Lieferung der Bestellung. Es reicht nicht aus, der g\u00fcnstigste Provider zu sein &#8211; wir m\u00f6chten der beste Provider f\u00fcr YouTube Benutzer in Deutschland sein!<\/p>\n\n\n\n<h2 class=\"wp-block-heading\" id=\"wie-es-funktioniert-5-schritte-fur-mehr-likes-auf-youtube-kommentare\">Wie es funktioniert: 5 Schritte f\u00fcr mehr Likes auf YouTube Kommentare<\/h2>\n\n\n\n<ol class=\"wp-block-list\">\n<li>W\u00e4hlen Sie unter Ihrem YT Video denjenigen Kommentar aus, den Sie in das Zentrum der Aufmerksamkeit r\u00fccken m\u00f6chten.<\/li>\n\n\n\n<li>W\u00e4hlen Sie auf VideosGrow das passende Paket aus: Mit wie vielen Likes wollen Sie durchstarten? Wie viel m\u00f6chten Sie f\u00fcr das Wachstum Ihres Kanals ausgeben?<\/li>\n\n\n\n<li>Sobald Sie das gew\u00fcnschte Paket in den Warenkorb gelegt haben, m\u00fcssen Sie die URL des YouTube Kommentars und Ihre E-Mail-Adresse angeben.<\/li>\n\n\n\n<li>Wenn Sie auf \u201cZahlen\u201d klicken, werden Sie zum Online Zahlungs-Gateway Fondy weitergeleitet. Hier geben Sie Ihre Kreditkartennummer an (VISA, Mastercard) oder bezahlen mit Google\/Apple Pay.<\/li>\n\n\n\n<li>Nach nur einer Stunde erhalten Sie bereits die ersten Likes von realen YouTube Nutzern.<\/li>\n<\/ol>\n","protected":false},"excerpt":{"rendered":"<p>Sie wollen g\u00fcnstig an mehr Zuschauer rankommen? Sie m\u00f6chten, dass Ihre Videos zum Gespr\u00e4chsthema werden? Dann k\u00f6nnen Sie YouTube Kommentare Likes kaufen! Wie das geht und wieso es sich lohnt, erfahren Sie hier. Sind Likes auf YouTube Kommentare \u00fcberhaupt wichtig? Jeder Vlogger und Content Creater m\u00f6chte so viel Aufmerksamkeit wie&#8230;<\/p>\n","protected":false},"author":2,"featured_media":0,"parent":0,"menu_order":0,"comment_status":"closed","ping_status":"closed","template":"page-buy.php","meta":{"_acf_changed":false,"footnotes":""},"class_list":["post-4700","page","type-page","status-publish","hentry"],"translation":{"provider":"WPGlobus","version":"2.12.2","language":"de","enabled_languages":["en","de"],"languages":{"en":{"title":true,"content":true,"excerpt":false},"de":{"title":true,"content":true,"excerpt":false}}},"acf":[],"yoast_head":"<!-- This site is optimized with the Yoast SEO plugin v25.2 - https:\/\/yoast.com\/wordpress\/plugins\/seo\/ -->\n<title>YouTube Kommentare Likes kaufen \u2764\ufe0f Echte Kommentar Likes<\/title>\n<meta name=\"description\" content=\"Kaufen\u3010Top Qualit\u00e4t\u3011Likes auf YT Kommentare \u27a8 G\u00fcnstige\u3010DEUTSCHE\u3011Kommentar Likes \u2714\ufe0f vom echte Nutzer \u26a1 Sofortlieferung \u23e9 Deutschland\" \/>\n<meta name=\"robots\" content=\"index, follow, max-snippet:-1, max-image-preview:large, max-video-preview:-1\" \/>\n<link rel=\"canonical\" href=\"https:\/\/videosgrow.com\/comment-likes\/\" \/>\n<meta property=\"og:type\" content=\"article\" \/>\n<meta property=\"og:title\" content=\"YouTube Kommentare Likes kaufen \u2764\ufe0f Echte Kommentar Likes\" \/>\n<meta property=\"og:description\" content=\"Kaufen\u3010Top Qualit\u00e4t\u3011Likes auf YT Kommentare \u27a8 G\u00fcnstige\u3010DEUTSCHE\u3011Kommentar Likes \u2714\ufe0f vom echte Nutzer \u26a1 Sofortlieferung \u23e9 Deutschland\" \/>\n<meta property=\"og:url\" content=\"https:\/\/videosgrow.com\/comment-likes\/\" \/>\n<meta property=\"og:site_name\" content=\"VideosGrow\" \/>\n<meta property=\"og:image\" content=\"https:\/\/videosgrow.com\/de\/\/wp-content\/themes\/likes\/assets\/img\/videosgrow-logo.png\" \/><meta property=\"og:image\" content=\"https:\/\/videosgrow.com\/wp-content\/uploads\/2024\/01\/videosgrow-1-1.png\" \/>\n\t<meta property=\"og:image:width\" content=\"400\" \/>\n\t<meta property=\"og:image:height\" content=\"300\" \/>\n\t<meta property=\"og:image:type\" content=\"image\/png\" \/>\n<meta name=\"twitter:card\" content=\"summary_large_image\" \/>\n<meta name=\"twitter:title\" content=\"YouTube Kommentare Likes kaufen \u2764\ufe0f Echte Kommentar Likes\" \/>\n<meta name=\"twitter:description\" content=\"Kaufen\u3010Top Qualit\u00e4t\u3011Likes auf YT Kommentare \u27a8 G\u00fcnstige\u3010DEUTSCHE\u3011Kommentar Likes \u2714\ufe0f vom echte Nutzer \u26a1 Sofortlieferung \u23e9 Deutschland\" \/>\n<meta name=\"twitter:label1\" content=\"Est. reading time\" \/>\n\t<meta name=\"twitter:data1\" content=\"3 minutes\" \/>\n<!-- \/ Yoast SEO plugin. -->","yoast_head_json":{"title":"YouTube Kommentare Likes kaufen \u2764\ufe0f Echte Kommentar Likes","description":"Kaufen\u3010Top Qualit\u00e4t\u3011Likes auf YT Kommentare \u27a8 G\u00fcnstige\u3010DEUTSCHE\u3011Kommentar Likes \u2714\ufe0f vom echte Nutzer \u26a1 Sofortlieferung \u23e9 Deutschland","robots":{"index":"index","follow":"follow","max-snippet":"max-snippet:-1","max-image-preview":"max-image-preview:large","max-video-preview":"max-video-preview:-1"},"canonical":"https:\/\/videosgrow.com\/comment-likes\/","og_type":"article","og_title":"YouTube Kommentare Likes kaufen \u2764\ufe0f Echte Kommentar Likes","og_description":"Kaufen\u3010Top Qualit\u00e4t\u3011Likes auf YT Kommentare \u27a8 G\u00fcnstige\u3010DEUTSCHE\u3011Kommentar Likes \u2714\ufe0f vom echte Nutzer \u26a1 Sofortlieferung \u23e9 Deutschland","og_url":"https:\/\/videosgrow.com\/comment-likes\/","og_site_name":"VideosGrow","og_image":[{"url":"https:\/\/videosgrow.com\/de\/\/wp-content\/themes\/likes\/assets\/img\/videosgrow-logo.png","type":"","width":"","height":""},{"width":400,"height":300,"url":"https:\/\/videosgrow.com\/wp-content\/uploads\/2024\/01\/videosgrow-1-1.png","type":"image\/png"}],"twitter_card":"summary_large_image","twitter_title":"YouTube Kommentare Likes kaufen \u2764\ufe0f Echte Kommentar Likes","twitter_description":"Kaufen\u3010Top Qualit\u00e4t\u3011Likes auf YT Kommentare \u27a8 G\u00fcnstige\u3010DEUTSCHE\u3011Kommentar Likes \u2714\ufe0f vom echte Nutzer \u26a1 Sofortlieferung \u23e9 Deutschland","twitter_misc":{"Est. reading time":"3 minutes"},"schema":{"@context":"https:\/\/schema.org","@graph":[{"@type":"WebPage","@id":"https:\/\/videosgrow.com\/comment-likes\/","url":"https:\/\/videosgrow.com\/comment-likes\/","name":"YouTube Kommentare Likes kaufen \u2764\ufe0f Echte Kommentar Likes","isPartOf":{"@id":"https:\/\/videosgrow.com\/#website"},"primaryImageOfPage":{"@id":"https:\/\/videosgrow.com\/comment-likes\/#primaryimage"},"image":{"@id":"https:\/\/videosgrow.com\/comment-likes\/#primaryimage"},"thumbnailUrl":"https:\/\/videosgrow.com\/wp-content\/uploads\/2024\/01\/videosgrow-1-1.png","datePublished":"2021-07-05T10:53:58+00:00","dateModified":"2025-08-28T10:44:05+00:00","description":"Kaufen\u3010Top Qualit\u00e4t\u3011Likes auf YT Kommentare \u27a8 G\u00fcnstige\u3010DEUTSCHE\u3011Kommentar Likes \u2714\ufe0f vom echte Nutzer \u26a1 Sofortlieferung \u23e9 Deutschland","breadcrumb":{"@id":"https:\/\/videosgrow.com\/comment-likes\/#breadcrumb"},"inLanguage":"de-DE","potentialAction":[{"@type":"ReadAction","target":["https:\/\/videosgrow.com\/comment-likes\/"]}]},{"@type":"ImageObject","inLanguage":"de-DE","@id":"https:\/\/videosgrow.com\/comment-likes\/#primaryimage","url":"https:\/\/videosgrow.com\/wp-content\/uploads\/2024\/01\/videosgrow-1-1.png","contentUrl":"https:\/\/videosgrow.com\/wp-content\/uploads\/2024\/01\/videosgrow-1-1.png"},{"@type":"BreadcrumbList","@id":"https:\/\/videosgrow.com\/comment-likes\/#breadcrumb","itemListElement":[{"@type":"ListItem","position":1,"name":"\u0413\u043b\u0430\u0432\u043d\u0430\u044f \u0441\u0442\u0440\u0430\u043d\u0438\u0446\u0430","item":"https:\/\/videosgrow.com\/"},{"@type":"ListItem","position":2,"name":"Buy YouTube Comment Likes"}]},{"@type":"WebSite","@id":"https:\/\/videosgrow.com\/#website","url":"https:\/\/videosgrow.com\/","name":"VideosGrow","description":"Real Instant Youtube Views &amp; Likes","potentialAction":[{"@type":"SearchAction","target":{"@type":"EntryPoint","urlTemplate":"https:\/\/videosgrow.com\/?s={search_term_string}"},"query-input":{"@type":"PropertyValueSpecification","valueRequired":true,"valueName":"search_term_string"}}],"inLanguage":"de-DE"}]}},"_links":{"self":[{"href":"https:\/\/videosgrow.com\/de\/wp-json\/wp\/v2\/pages\/4700","targetHints":{"allow":["GET"]}}],"collection":[{"href":"https:\/\/videosgrow.com\/de\/wp-json\/wp\/v2\/pages"}],"about":[{"href":"https:\/\/videosgrow.com\/de\/wp-json\/wp\/v2\/types\/page"}],"author":[{"embeddable":true,"href":"https:\/\/videosgrow.com\/de\/wp-json\/wp\/v2\/users\/2"}],"replies":[{"embeddable":true,"href":"https:\/\/videosgrow.com\/de\/wp-json\/wp\/v2\/comments?post=4700"}],"version-history":[{"count":64,"href":"https:\/\/videosgrow.com\/de\/wp-json\/wp\/v2\/pages\/4700\/revisions"}],"predecessor-version":[{"id":11126,"href":"https:\/\/videosgrow.com\/de\/wp-json\/wp\/v2\/pages\/4700\/revisions\/11126"}],"wp:attachment":[{"href":"https:\/\/videosgrow.com\/de\/wp-json\/wp\/v2\/media?parent=4700"}],"curies":[{"name":"wp","href":"https:\/\/api.w.org\/{rel}","templated":true}]}}