{"id":4694,"date":"2021-07-05T13:52:53","date_gmt":"2021-07-05T10:52:53","guid":{"rendered":"https:\/\/videosgrow.com\/?page_id=4694"},"modified":"2025-08-28T13:44:08","modified_gmt":"2025-08-28T10:44:08","slug":"live-stream-views","status":"publish","type":"page","link":"https:\/\/videosgrow.com\/de\/live-stream-views\/","title":{"rendered":"YouTube LiveStream Zuschauer kaufen"},"content":{"rendered":"\n<p>Wussten Sie, dass Sie auch YouTube Live Zuschauer kaufen k\u00f6nnen? VideosGrow hilft Ihnen dabei, durch hochwertige YT Live Stream Klicks Ihre Marke weiter auszubauen und neue Abonnenten zu gewinnen. Wie das geht und wieso es sich lohnt, erfahren Sie hier.<\/p>\n\n\n\n<h2 class=\"wp-block-heading\" id=\"was-sind-youtube-livestreams-und-warum-sollte-man-stream-zuschauer-kaufen\">Was sind YouTube LiveStreams und warum sollte man Stream Zuschauer kaufen?<\/h2>\n\n\n\n<p>Nicht immer muss alles gescripted und nachbearbeitet sein: <a href=\"https:\/\/www.own3d.tv\/de\/blog\/tutorials-de\/youtube-livestream\/\">YT LiveStreams<\/a> machen es m\u00f6glich, Betrachter an einem Event teilhaben zu lassen und mit dem Publikum in Echtzeit zu interagieren. Diese Views ist ein Messwert f\u00fcr die Anzahl an Personen, die w\u00e4hrend des Events pr\u00e4sent sind und das Video sehen.<\/p>\n\n\n\n<p>Wenn Sie YouTube Livestream Klicks kaufen, erhalten Sie w\u00e4hrend der Live-\u00dcbertragung mehr Zuschauer. Hierdurch gewinnt das Video an Popularit\u00e4t und erzielt ein besseres Ranking. Folglich wird der Video w\u00e4hrend und auch nach der \u00dcbertragung schneller von Ihrer Zielgruppe gefunden. Das wiederum erh\u00f6ht die Interaktionsraten mit Ihrem Kanal und verleiht Ihrer Website mehr Traffic.<\/p>\n\n\n\n<h2 class=\"wp-block-heading\" id=\"was-ist-der-unterschied-zwischen-youtube-views-und-youtube-livestream-views\">Was ist der Unterschied zwischen YouTube Views und YouTube LiveStream Views?<\/h2>\n\n\n\n<p>Wenn Sie ein normales Video bei YouTube hochladen, steigt dessen Popularit\u00e4t mit der Anzahl der gesamten Aufrufe. Diese Zahl kann \u00fcber Wochen, Monate und Jahre hinweg kontinuierlich anwachsen.<\/p>\n\n\n\n<p>Bei LiveStreams z\u00e4hlt YT diejenigen Nutzer, die zeitgleich zusehen, als \u201caktive Zuschauer\u201d. Die Zahl erscheint w\u00e4hrend der Live-\u00dcbertragung direkt unter dem Video und kann sowohl ab- als auch zunehmen. Nach der \u00dcbertragung verbleibt der Stream als Videoaufzeichnung auf Ihrem Kanal (\u201cvor 5 Monaten gestreamt\u201d). Ab sofort misst YT die Popularit\u00e4t des Videos nicht mehr in Zuschauern, sondern in Aufrufen.<\/p>\n\n\n\n<h2 class=\"wp-block-heading\" id=\"wie-wirkt-sich-die-zahl-der-livestream-zuschauer-auf-ihren-kanal-aus\">Wie wirkt sich die Zahl der Livestream Zuschauer auf Ihren Kanal aus?<\/h2>\n\n\n\n<p>Indem Sie dieser Dienst kaufen, lenken Sie die Aufmerksamkeit auf Ihre Marke. Die Logik dahinter ist einfach: Videos, die bereits viele Tausend Live Zuschauer z\u00e4hlen, werden auf den Hauptseiten von YouTube empfohlen und locken schnell weitere Benutzer an. Dann stehen die Chancen gut, dass Sie neue Abonnenten f\u00fcr Ihren Kanal gewinnen.<\/p>\n\n\n\n<p>Wenn Sie Livestream Views kaufen, erreichen Sie zudem eine neue Zielgruppe. Immerhin gibt es viele YT Nutzer aus Deutschland, die LiveStreams bevorzugen und gezielt nach ihnen suchen. Diejenigen Nutzer verbringen in der Regel mehr Zeit online und sind eher bereit, Ihre Angebote wahrzunehmen.<\/p>\n\n\n\n<h2 class=\"wp-block-heading\" id=\"aus-welchem-grund-sollte-man-von-videosgrow-com-livestream-zuschauer-kaufen\">Aus welchem Grund sollte man von VideosGrow.com Livestream Zuschauer kaufen?<\/h2>\n\n\n\n<p>Mit VideosGrow k\u00f6nnen Sie die Zuschauerzahl f\u00fcr Ihre Streams ganz schnell steigern. Unser Service ist weltweit (z.B. USA, Indien, Kanada, Australien, Deutschland, Nigeria) verf\u00fcgbar. VideosGrow bietet Ihnen echte Stream Zuschauer auf YouTube zu einem fairen Preis. Wir sind g\u00fcnstig, aber nicht \u201cbillig\u201d!<\/p>\n\n\n\n<p>Der Bestellprozess ist angenehm einfach und nach wenigen Klicks abgewickelt. Sie k\u00f6nnen mit Ihrer Kreditkarte oder mit Google\/Apple Pay sicher und legitim bezahlen. Die Lieferung erfolgt nach k\u00fcrzester Zeit: Innerhalb von 5 Minuten werden Sie erste Ergebnisse sehen und einen erh\u00f6hten Traffic auf Ihrem YouTube Channel registrieren. Unsere Kunden genie\u00dfen eine Zufriedenheitsgarantie. Bei Fragen und Reklamationen k\u00f6nnen Sie sich jederzeit per E-Mail an das Support-Team wenden.<\/p>\n\n\n\n<h3 class=\"wp-block-heading\" id=\"wie-es-funktioniert-5-schritte-fur-mehr-youtube-livestream-klicks\">Wie es funktioniert: 5 Schritte f\u00fcr mehr YouTube Livestream Klicks<\/h3>\n\n\n\n<ol class=\"wp-block-list\"><li>Stellen Sie sicher, dass die Streaming-Funktion auf Ihrem Kanal aktiviert ist.<\/li><li>W\u00e4hlen Sie in Ruhe Ihr Paket aus: Wie viele Viewer m\u00f6chten Sie f\u00fcr die geplante \u00dcbertragung erhalten? Welche Kosten sind Sie bereit, auf sich zu nehmen?<\/li><li>Erstellen Sie Ihren Stream und geben Sie kurz vor der Live-Schaltung die URL sowie Ihre E-Mail-Adresse an.<\/li><li>Wenn Sie auf \u201cZahlen\u201d klicken, werden Sie zum Online Zahlungs-Gateway Fondy weitergeleitet. Hier geben Sie Ihre Kreditkartennummer an (VISA, Mastercard) oder bezahlen mit GooglePay.<\/li><li>Nach nur wenigen Minuten erhalten Sie die ersten Live Ansichten von realen YouTube Nutzern.<\/li><\/ol>\n\n\n\n<h2 class=\"wp-block-heading\" id=\"ist-es-sicher-youtube-livestream-views-zu-kaufen\">Ist es sicher, YouTube Livestream Views zu kaufen?<\/h2>\n\n\n\n<p>Absolut! Bei VideosGrow genie\u00dfen Sie maximalen Datenschutz. Abgesehen von dem Link zu Ihrem online Event und Ihrer E-Mail-Adresse sammeln wir keinerlei Informationen \u00fcber Sie. F\u00fcr die Bezahlung ist der sichere Online Service Fondy zust\u00e4ndig.<\/p>\n\n\n\n<p>Sie m\u00fcssen auch keine Angst haben, von der Plattform verbannt zu werden, wenn Sie bei uns Livestream Views kaufen. Hinter jedem Zuschauer verbirgt sich ein real existierender YouTube Nutzer.<\/p>\n","protected":false},"excerpt":{"rendered":"<p>Wussten Sie, dass Sie auch YouTube Live Zuschauer kaufen k\u00f6nnen? VideosGrow hilft Ihnen dabei, durch hochwertige YT Live Stream Klicks Ihre Marke weiter auszubauen und neue Abonnenten zu gewinnen. Wie das geht und wieso es sich lohnt, erfahren Sie hier. Was sind YouTube LiveStreams und warum sollte man Stream Zuschauer&#8230;<\/p>\n","protected":false},"author":2,"featured_media":0,"parent":0,"menu_order":0,"comment_status":"closed","ping_status":"closed","template":"page-buy.php","meta":{"_acf_changed":false,"footnotes":""},"class_list":["post-4694","page","type-page","status-publish","hentry"],"translation":{"provider":"WPGlobus","version":"2.12.2","language":"de","enabled_languages":["en","de"],"languages":{"en":{"title":true,"content":true,"excerpt":false},"de":{"title":true,"content":true,"excerpt":false}}},"acf":[],"yoast_head":"<!-- This site is optimized with the Yoast SEO plugin v25.2 - https:\/\/yoast.com\/wordpress\/plugins\/seo\/ -->\n<title>\u1409YouTube Livestream Zuschauer Kaufen \ud83d\udc41\ufe0f Echte &amp; Aktive<\/title>\n<meta name=\"description\" content=\"Kaufen\u3010DEUTSCHE\u3011Live Zuschauer auf YouTube \u27a8 Hochqualitative &amp; legitim \u23e9 YT livestream zuschauer \u2714\ufe0f zum g\u00fcnstigen Preis \u26a1Sofortiger Start\" \/>\n<meta name=\"robots\" content=\"index, follow, max-snippet:-1, max-image-preview:large, max-video-preview:-1\" \/>\n<link rel=\"canonical\" href=\"https:\/\/videosgrow.com\/live-stream-views\/\" \/>\n<meta property=\"og:type\" content=\"article\" \/>\n<meta property=\"og:title\" content=\"\u1409YouTube Livestream Zuschauer Kaufen \ud83d\udc41\ufe0f Echte &amp; Aktive\" \/>\n<meta property=\"og:description\" content=\"Kaufen\u3010DEUTSCHE\u3011Live Zuschauer auf YouTube \u27a8 Hochqualitative &amp; legitim \u23e9 YT livestream zuschauer \u2714\ufe0f zum g\u00fcnstigen Preis \u26a1Sofortiger Start\" \/>\n<meta property=\"og:url\" content=\"https:\/\/videosgrow.com\/live-stream-views\/\" \/>\n<meta property=\"og:site_name\" content=\"VideosGrow\" \/>\n<meta property=\"og:image\" content=\"https:\/\/videosgrow.com\/de\/\/wp-content\/themes\/likes\/assets\/img\/videosgrow-logo.png\" \/><meta property=\"og:image\" content=\"https:\/\/videosgrow.com\/wp-content\/uploads\/2024\/01\/videosgrow-6.png\" \/>\n\t<meta property=\"og:image:width\" content=\"400\" \/>\n\t<meta property=\"og:image:height\" content=\"300\" \/>\n\t<meta property=\"og:image:type\" content=\"image\/png\" \/>\n<meta name=\"twitter:card\" content=\"summary_large_image\" \/>\n<meta name=\"twitter:title\" content=\"\u1409YouTube Livestream Zuschauer Kaufen \ud83d\udc41\ufe0f Echte &amp; Aktive\" \/>\n<meta name=\"twitter:description\" content=\"Kaufen\u3010DEUTSCHE\u3011Live Zuschauer auf YouTube \u27a8 Hochqualitative &amp; legitim \u23e9 YT livestream zuschauer \u2714\ufe0f zum g\u00fcnstigen Preis \u26a1Sofortiger Start\" \/>\n<meta name=\"twitter:label1\" content=\"Est. reading time\" \/>\n\t<meta name=\"twitter:data1\" content=\"3 minutes\" \/>\n<!-- \/ Yoast SEO plugin. -->","yoast_head_json":{"title":"\u1409YouTube Livestream Zuschauer Kaufen \ud83d\udc41\ufe0f Echte & Aktive","description":"Kaufen\u3010DEUTSCHE\u3011Live Zuschauer auf YouTube \u27a8 Hochqualitative & legitim \u23e9 YT livestream zuschauer \u2714\ufe0f zum g\u00fcnstigen Preis \u26a1Sofortiger Start","robots":{"index":"index","follow":"follow","max-snippet":"max-snippet:-1","max-image-preview":"max-image-preview:large","max-video-preview":"max-video-preview:-1"},"canonical":"https:\/\/videosgrow.com\/live-stream-views\/","og_type":"article","og_title":"\u1409YouTube Livestream Zuschauer Kaufen \ud83d\udc41\ufe0f Echte & Aktive","og_description":"Kaufen\u3010DEUTSCHE\u3011Live Zuschauer auf YouTube \u27a8 Hochqualitative & legitim \u23e9 YT livestream zuschauer \u2714\ufe0f zum g\u00fcnstigen Preis \u26a1Sofortiger Start","og_url":"https:\/\/videosgrow.com\/live-stream-views\/","og_site_name":"VideosGrow","og_image":[{"url":"https:\/\/videosgrow.com\/de\/\/wp-content\/themes\/likes\/assets\/img\/videosgrow-logo.png","type":"","width":"","height":""},{"width":400,"height":300,"url":"https:\/\/videosgrow.com\/wp-content\/uploads\/2024\/01\/videosgrow-6.png","type":"image\/png"}],"twitter_card":"summary_large_image","twitter_title":"\u1409YouTube Livestream Zuschauer Kaufen \ud83d\udc41\ufe0f Echte & Aktive","twitter_description":"Kaufen\u3010DEUTSCHE\u3011Live Zuschauer auf YouTube \u27a8 Hochqualitative & legitim \u23e9 YT livestream zuschauer \u2714\ufe0f zum g\u00fcnstigen Preis \u26a1Sofortiger Start","twitter_misc":{"Est. reading time":"3 minutes"},"schema":{"@context":"https:\/\/schema.org","@graph":[{"@type":"WebPage","@id":"https:\/\/videosgrow.com\/live-stream-views\/","url":"https:\/\/videosgrow.com\/live-stream-views\/","name":"\u1409YouTube Livestream Zuschauer Kaufen \ud83d\udc41\ufe0f Echte & Aktive","isPartOf":{"@id":"https:\/\/videosgrow.com\/#website"},"primaryImageOfPage":{"@id":"https:\/\/videosgrow.com\/live-stream-views\/#primaryimage"},"image":{"@id":"https:\/\/videosgrow.com\/live-stream-views\/#primaryimage"},"thumbnailUrl":"https:\/\/videosgrow.com\/wp-content\/uploads\/2024\/01\/videosgrow-6.png","datePublished":"2021-07-05T10:52:53+00:00","dateModified":"2025-08-28T10:44:08+00:00","description":"Kaufen\u3010DEUTSCHE\u3011Live Zuschauer auf YouTube \u27a8 Hochqualitative & legitim \u23e9 YT livestream zuschauer \u2714\ufe0f zum g\u00fcnstigen Preis \u26a1Sofortiger Start","breadcrumb":{"@id":"https:\/\/videosgrow.com\/live-stream-views\/#breadcrumb"},"inLanguage":"de-DE","potentialAction":[{"@type":"ReadAction","target":["https:\/\/videosgrow.com\/live-stream-views\/"]}]},{"@type":"ImageObject","inLanguage":"de-DE","@id":"https:\/\/videosgrow.com\/live-stream-views\/#primaryimage","url":"https:\/\/videosgrow.com\/wp-content\/uploads\/2024\/01\/videosgrow-6.png","contentUrl":"https:\/\/videosgrow.com\/wp-content\/uploads\/2024\/01\/videosgrow-6.png"},{"@type":"BreadcrumbList","@id":"https:\/\/videosgrow.com\/live-stream-views\/#breadcrumb","itemListElement":[{"@type":"ListItem","position":1,"name":"\u0413\u043b\u0430\u0432\u043d\u0430\u044f \u0441\u0442\u0440\u0430\u043d\u0438\u0446\u0430","item":"https:\/\/videosgrow.com\/"},{"@type":"ListItem","position":2,"name":"Buy YouTube Live Stream Views"}]},{"@type":"WebSite","@id":"https:\/\/videosgrow.com\/#website","url":"https:\/\/videosgrow.com\/","name":"VideosGrow","description":"Real Instant Youtube Views &amp; Likes","potentialAction":[{"@type":"SearchAction","target":{"@type":"EntryPoint","urlTemplate":"https:\/\/videosgrow.com\/?s={search_term_string}"},"query-input":{"@type":"PropertyValueSpecification","valueRequired":true,"valueName":"search_term_string"}}],"inLanguage":"de-DE"}]}},"_links":{"self":[{"href":"https:\/\/videosgrow.com\/de\/wp-json\/wp\/v2\/pages\/4694","targetHints":{"allow":["GET"]}}],"collection":[{"href":"https:\/\/videosgrow.com\/de\/wp-json\/wp\/v2\/pages"}],"about":[{"href":"https:\/\/videosgrow.com\/de\/wp-json\/wp\/v2\/types\/page"}],"author":[{"embeddable":true,"href":"https:\/\/videosgrow.com\/de\/wp-json\/wp\/v2\/users\/2"}],"replies":[{"embeddable":true,"href":"https:\/\/videosgrow.com\/de\/wp-json\/wp\/v2\/comments?post=4694"}],"version-history":[{"count":67,"href":"https:\/\/videosgrow.com\/de\/wp-json\/wp\/v2\/pages\/4694\/revisions"}],"predecessor-version":[{"id":11036,"href":"https:\/\/videosgrow.com\/de\/wp-json\/wp\/v2\/pages\/4694\/revisions\/11036"}],"wp:attachment":[{"href":"https:\/\/videosgrow.com\/de\/wp-json\/wp\/v2\/media?parent=4694"}],"curies":[{"name":"wp","href":"https:\/\/api.w.org\/{rel}","templated":true}]}}