{"id":4217,"date":"2021-05-20T14:23:15","date_gmt":"2021-05-20T11:23:15","guid":{"rendered":"https:\/\/videosgrow.com\/?page_id=4217"},"modified":"2025-08-28T13:44:26","modified_gmt":"2025-08-28T10:44:26","slug":"youtube-dislikes","status":"publish","type":"page","link":"https:\/\/videosgrow.com\/de\/youtube-dislikes\/","title":{"rendered":"YouTube Dislikes kaufen"},"content":{"rendered":"\n<p>Sie wollen billig an mehr Zuschauer rankommen? Sie haben ein neues Videos erstellt und wollen sofort erste Ergebnisse erzielen? Dann k\u00f6nnen Sie bei uns sicher und diskret Dislikes kaufen! Wie das geht und wieso es sich lohnt, erfahren Sie hier.<\/p>\n\n\n\n<h2 class=\"wp-block-heading\" id=\"was-sind-dislikes-und-wieso-sind-sie-wichtig\">Was sind Dislikes und wieso sind sie wichtig?<\/h2>\n\n\n\n<p>Nicht jede Plattform erm\u00f6glicht es ihren Usern, Unzufriedenheit kundzumachen. Bei YouTube allerdings l\u00e4sst sich jeder Content mit \u201cDaumen hoch\u201d oder \u201cDaumen runter\u201d bewerten. Einen YouTube Dislike zu erhalten, ist f\u00fcr Vlogger ganz normal. Logischerweise gibt es immer mal wieder Zuschauer, die das Video nicht m\u00f6gen. Vielleicht haben sie sich einfach etwas anderes darunter vorgestellt oder sind anderer Meinung.<\/p>\n\n\n\n<p>Solange die Likes auf ein Video die kritische Stimmen zahlenm\u00e4\u00dfig \u00fcberwiegen, gibt es keinen Grund zur Sorge. Vielmehr zeigt jeder Daumen runter an, dass das Video Aufsehen erregt und bei dem Publikum eine Reaktion hervorruft.<\/p>\n\n\n\n<h2 class=\"wp-block-heading\" id=\"aus-welchen-grunden-sollte-man-hochwertige-und-authentische-youtube-dislikes-kaufen\">Aus welchen Gr\u00fcnden sollte man hochwertige und authentische YouTube Dislikes kaufen?<\/h2>\n\n\n\n<ul class=\"wp-block-list\">\n<li>Wenn Sie viele Likes f\u00fcr Ihr Video erhalten und keinen einzigen Daumen nach unten, k\u00f6nnte Ihr Publikum schnell misstrauisch werden. Die Zuschauer werden annehmen, dass Sie alle Ihre Follower kaufen<\/li>\n\n\n\n<li>Eine limitierte Anzahl an Dislikes wirkt nat\u00fcrlich und zeigt anderen YT Nutzern, dass Menschen mit verschiedenen Hintergr\u00fcnden Ihre Videos anschauen<\/li>\n\n\n\n<li>Videos mit hohen Interaktionsraten werden bei den Suchergebnissen weiter oben eingestuft bzw. auf den YT Hauptseiten empfohlen<\/li>\n\n\n\n<li>Hohe Interaktionsraten lassen Ihr Video interessant erscheinen. Als Folge f\u00fchlen sich mehr Menschen dazu ermutigt, den Inhalt anzuschauen<\/li>\n\n\n\n<li>Ihr Kanal kann anfangen, organisch zu wachsen<\/li>\n\n\n\n<li>Influencer und Werbetreibende werden schneller auf Ihren Kanal aufmerksam und schlagen wom\u00f6glich eine Zusammenarbeit vor<\/li>\n<\/ul>\n\n\n\n<h3 class=\"wp-block-heading\" id=\"kann-es-schaden-echte-dislikes-auf-youtube-zu-haben\">Kann es schaden, echte Dislikes auf YouTube zu haben?<\/h3>\n\n\n\n<p>Hier z\u00e4hlt das Verh\u00e4ltnis von Likes zu Dislikes! Ihr Ziel muss nat\u00fcrlich sein, viel mehr Likes zu erhalten. Deshalb sollten Sie wirklich nur dann YouTube Daumen runter kaufen, wenn Sie bereits echte YouTube Likes gesammelt haben. Sofern Sie eine gesundes Verh\u00e4ltnis herstellen, schadet es keinesfalls. Ganz im Gegenteil: Jedes Paket, das auf VideosGrow angeboten wird, ist eine Art Starthilfe f\u00fcr das Wachstum Ihres Kanals!<\/p>\n\n\n\n<h2 class=\"wp-block-heading\" id=\"was-passiert-wenn-man-echte-dislikes-auf-youtube-kauft\">Was passiert, wenn man echte Dislikes auf YouTube kauft?<\/h2>\n\n\n\n<p>Es mag vielleicht kontraproduktiv erscheinen. Aber Sie k\u00f6nnen Ihre Anh\u00e4ngerschaft schrittweise erh\u00f6hen, wenn Ihre Videos eine nat\u00fcrlich wirkende Anzahl an Dislikes aufweisen. Ein Daumen runter zeigt an, dass Sie kein \u201cPeople Pleaser\u201d sind, sondern spannende, authentische und kontroverse Inhalte vermitteln. Die Zuschauer erkennen schnell, dass Ihr Video starke Meinungen hervorbringt und zur Diskussion anspornt. Haben Sie keine Angst, Ihre Zielgruppe zu verschrecken. Vielmehr ermutigen kritische Stimmen die Menschen dazu, sich eine eigene Meinung \u00fcber Ihr Video zu machen.<\/p>\n\n\n\n<p>Viele Kunden aus Deutschland nutzen den Service von VideosGrow, um mehr Anerkennung f\u00fcr ihre Marke zu erhalten. Echte Dislikes auf YouTube sind nur eine von vielen M\u00f6glichkeiten, den Traffic zu erh\u00f6hen.<\/p>\n\n\n\n<h2 class=\"wp-block-heading\" id=\"wieso-nutzen-andere-den-service-von-videosgrow-com\">Wieso nutzen andere den Service von VideosGrow.com?<\/h2>\n\n\n\n<p>F\u00fcr deutsche YT Benutzer bietet VideosGrow zahlreiche Vorteile zu geringen Kosten. Wir r\u00fchmen uns als die beste Website, wenn es um den Kauf von Klicks, Likes und Abonnenten f\u00fcr YouTube Inhalte geht. Wir garantieren einen fairen Preis, eine sichere Bezahlung und eine schnelle Lieferung.<\/p>\n\n\n\n<p>Wenn Sie kritische Stimmen kaufen, engagieren wir echte Personen mit aktiven YT Accounts, die mit Ihrem Video interagieren und die gew\u00fcnschte Aktion ausf\u00fchren. Wir sind der billigste und vertrauensw\u00fcrdigste Provider mit weltweiter Reichweite!<\/p>\n\n\n\n<h3 class=\"wp-block-heading\" id=\"wie-es-funktioniert-in-5-schritten-youtube-daumen-runter-kaufen\">Wie es funktioniert: In 5 Schritten YouTube Daumen runter kaufen<\/h3>\n\n\n\n<ol class=\"wp-block-list\">\n<li>W\u00e4hlen Sie ein Video aus, das bereits einige Likes aufweist, aber insgesamt noch wenig Aufmerksamkeit erzielt hat.<\/li>\n\n\n\n<li>Entscheiden Sie sich f\u00fcr ein passendes Paket: Wie viele \u201cDaumen runter\u201d kann Ihr Video vertragen, ohne in ein negatives Licht ger\u00fcckt zu werden?<\/li>\n\n\n\n<li>Sobald Sie das Paket in den Warenkorb gelegt haben, m\u00fcssen Sie die URL des YouTube Videos und Ihre E-Mail-Adresse angeben.<\/li>\n\n\n\n<li>Wenn Sie auf \u201cZahlen\u201d klicken, werden Sie zum Online Zahlungs-Gateway Fondy weitergeleitet. Hier geben Sie Ihre Kreditkartennummer an (VISA, Mastercard) oder bezahlen mit Google\/Apple Pay.<\/li>\n\n\n\n<li>Im Laufe der kommenden Tage wird Ihr Video die gebuchte Anzahl an Dislikes erhalten.<\/li>\n<\/ol>\n","protected":false},"excerpt":{"rendered":"<p>Sie wollen billig an mehr Zuschauer rankommen? Sie haben ein neues Videos erstellt und wollen sofort erste Ergebnisse erzielen? Dann k\u00f6nnen Sie bei uns sicher und diskret Dislikes kaufen! Wie das geht und wieso es sich lohnt, erfahren Sie hier. Was sind Dislikes und wieso sind sie wichtig? Nicht jede&#8230;<\/p>\n","protected":false},"author":2,"featured_media":0,"parent":0,"menu_order":0,"comment_status":"closed","ping_status":"closed","template":"","meta":{"_acf_changed":false,"footnotes":""},"class_list":["post-4217","page","type-page","status-publish","hentry"],"translation":{"provider":"WPGlobus","version":"2.12.2","language":"de","enabled_languages":["en","de"],"languages":{"en":{"title":true,"content":true,"excerpt":false},"de":{"title":true,"content":true,"excerpt":false}}},"acf":[],"yoast_head":"<!-- This site is optimized with the Yoast SEO plugin v25.2 - https:\/\/yoast.com\/wordpress\/plugins\/seo\/ -->\n<title>\u1409YouTube Dislikes Kaufen \u2611\ufe0f Deutsche &amp; Echte Daumen Runter<\/title>\n<meta name=\"description\" content=\"Kaufen\u3010Hochqualitative\u3011Dislikes auf YouTube \u27a8 Deutsche echte &amp; legitim YT Dislikes \u2714\ufe0fSofortiger Start \u23e9Schneller Service \u2b50\ufe0f Deutschland\" \/>\n<meta name=\"robots\" content=\"index, follow, max-snippet:-1, max-image-preview:large, max-video-preview:-1\" \/>\n<link rel=\"canonical\" href=\"https:\/\/videosgrow.com\/youtube-dislikes\/\" \/>\n<meta property=\"og:type\" content=\"article\" \/>\n<meta property=\"og:title\" content=\"\u1409YouTube Dislikes Kaufen \u2611\ufe0f Deutsche &amp; Echte Daumen Runter\" \/>\n<meta property=\"og:description\" content=\"Kaufen\u3010Hochqualitative\u3011Dislikes auf YouTube \u27a8 Deutsche echte &amp; legitim YT Dislikes \u2714\ufe0fSofortiger Start \u23e9Schneller Service \u2b50\ufe0f Deutschland\" \/>\n<meta property=\"og:url\" content=\"https:\/\/videosgrow.com\/youtube-dislikes\/\" \/>\n<meta property=\"og:site_name\" content=\"VideosGrow\" \/>\n<meta property=\"og:image\" content=\"https:\/\/videosgrow.com\/de\/\/wp-content\/themes\/likes\/assets\/img\/videosgrow-logo.png\" \/><meta property=\"og:image\" content=\"https:\/\/videosgrow.com\/wp-content\/uploads\/2024\/01\/videosgrow-10.png\" \/>\n\t<meta property=\"og:image:width\" content=\"400\" \/>\n\t<meta property=\"og:image:height\" content=\"300\" \/>\n\t<meta property=\"og:image:type\" content=\"image\/png\" \/>\n<meta name=\"twitter:card\" content=\"summary_large_image\" \/>\n<meta name=\"twitter:title\" content=\"\u1409YouTube Dislikes Kaufen \u2611\ufe0f Deutsche &amp; Echte Daumen Runter\" \/>\n<meta name=\"twitter:description\" content=\"Kaufen\u3010Hochqualitative\u3011Dislikes auf YouTube \u27a8 Deutsche echte &amp; legitim YT Dislikes \u2714\ufe0fSofortiger Start \u23e9Schneller Service \u2b50\ufe0f Deutschland\" \/>\n<meta name=\"twitter:label1\" content=\"Est. reading time\" \/>\n\t<meta name=\"twitter:data1\" content=\"3 minutes\" \/>\n<!-- \/ Yoast SEO plugin. -->","yoast_head_json":{"title":"\u1409YouTube Dislikes Kaufen \u2611\ufe0f Deutsche & Echte Daumen Runter","description":"Kaufen\u3010Hochqualitative\u3011Dislikes auf YouTube \u27a8 Deutsche echte & legitim YT Dislikes \u2714\ufe0fSofortiger Start \u23e9Schneller Service \u2b50\ufe0f Deutschland","robots":{"index":"index","follow":"follow","max-snippet":"max-snippet:-1","max-image-preview":"max-image-preview:large","max-video-preview":"max-video-preview:-1"},"canonical":"https:\/\/videosgrow.com\/youtube-dislikes\/","og_type":"article","og_title":"\u1409YouTube Dislikes Kaufen \u2611\ufe0f Deutsche & Echte Daumen Runter","og_description":"Kaufen\u3010Hochqualitative\u3011Dislikes auf YouTube \u27a8 Deutsche echte & legitim YT Dislikes \u2714\ufe0fSofortiger Start \u23e9Schneller Service \u2b50\ufe0f Deutschland","og_url":"https:\/\/videosgrow.com\/youtube-dislikes\/","og_site_name":"VideosGrow","og_image":[{"url":"https:\/\/videosgrow.com\/de\/\/wp-content\/themes\/likes\/assets\/img\/videosgrow-logo.png","type":"","width":"","height":""},{"width":400,"height":300,"url":"https:\/\/videosgrow.com\/wp-content\/uploads\/2024\/01\/videosgrow-10.png","type":"image\/png"}],"twitter_card":"summary_large_image","twitter_title":"\u1409YouTube Dislikes Kaufen \u2611\ufe0f Deutsche & Echte Daumen Runter","twitter_description":"Kaufen\u3010Hochqualitative\u3011Dislikes auf YouTube \u27a8 Deutsche echte & legitim YT Dislikes \u2714\ufe0fSofortiger Start \u23e9Schneller Service \u2b50\ufe0f Deutschland","twitter_misc":{"Est. reading time":"3 minutes"},"schema":{"@context":"https:\/\/schema.org","@graph":[{"@type":"WebPage","@id":"https:\/\/videosgrow.com\/youtube-dislikes\/","url":"https:\/\/videosgrow.com\/youtube-dislikes\/","name":"\u1409YouTube Dislikes Kaufen \u2611\ufe0f Deutsche & Echte Daumen Runter","isPartOf":{"@id":"https:\/\/videosgrow.com\/#website"},"primaryImageOfPage":{"@id":"https:\/\/videosgrow.com\/youtube-dislikes\/#primaryimage"},"image":{"@id":"https:\/\/videosgrow.com\/youtube-dislikes\/#primaryimage"},"thumbnailUrl":"https:\/\/videosgrow.com\/wp-content\/uploads\/2024\/01\/videosgrow-10.png","datePublished":"2021-05-20T11:23:15+00:00","dateModified":"2025-08-28T10:44:26+00:00","description":"Kaufen\u3010Hochqualitative\u3011Dislikes auf YouTube \u27a8 Deutsche echte & legitim YT Dislikes \u2714\ufe0fSofortiger Start \u23e9Schneller Service \u2b50\ufe0f Deutschland","breadcrumb":{"@id":"https:\/\/videosgrow.com\/youtube-dislikes\/#breadcrumb"},"inLanguage":"de-DE","potentialAction":[{"@type":"ReadAction","target":["https:\/\/videosgrow.com\/youtube-dislikes\/"]}]},{"@type":"ImageObject","inLanguage":"de-DE","@id":"https:\/\/videosgrow.com\/youtube-dislikes\/#primaryimage","url":"https:\/\/videosgrow.com\/wp-content\/uploads\/2024\/01\/videosgrow-10.png","contentUrl":"https:\/\/videosgrow.com\/wp-content\/uploads\/2024\/01\/videosgrow-10.png"},{"@type":"BreadcrumbList","@id":"https:\/\/videosgrow.com\/youtube-dislikes\/#breadcrumb","itemListElement":[{"@type":"ListItem","position":1,"name":"\u0413\u043b\u0430\u0432\u043d\u0430\u044f \u0441\u0442\u0440\u0430\u043d\u0438\u0446\u0430","item":"https:\/\/videosgrow.com\/"},{"@type":"ListItem","position":2,"name":"YouTube Dislikes"}]},{"@type":"WebSite","@id":"https:\/\/videosgrow.com\/#website","url":"https:\/\/videosgrow.com\/","name":"VideosGrow","description":"Real Instant Youtube Views &amp; Likes","potentialAction":[{"@type":"SearchAction","target":{"@type":"EntryPoint","urlTemplate":"https:\/\/videosgrow.com\/?s={search_term_string}"},"query-input":{"@type":"PropertyValueSpecification","valueRequired":true,"valueName":"search_term_string"}}],"inLanguage":"de-DE"}]}},"_links":{"self":[{"href":"https:\/\/videosgrow.com\/de\/wp-json\/wp\/v2\/pages\/4217","targetHints":{"allow":["GET"]}}],"collection":[{"href":"https:\/\/videosgrow.com\/de\/wp-json\/wp\/v2\/pages"}],"about":[{"href":"https:\/\/videosgrow.com\/de\/wp-json\/wp\/v2\/types\/page"}],"author":[{"embeddable":true,"href":"https:\/\/videosgrow.com\/de\/wp-json\/wp\/v2\/users\/2"}],"replies":[{"embeddable":true,"href":"https:\/\/videosgrow.com\/de\/wp-json\/wp\/v2\/comments?post=4217"}],"version-history":[{"count":50,"href":"https:\/\/videosgrow.com\/de\/wp-json\/wp\/v2\/pages\/4217\/revisions"}],"predecessor-version":[{"id":11025,"href":"https:\/\/videosgrow.com\/de\/wp-json\/wp\/v2\/pages\/4217\/revisions\/11025"}],"wp:attachment":[{"href":"https:\/\/videosgrow.com\/de\/wp-json\/wp\/v2\/media?parent=4217"}],"curies":[{"name":"wp","href":"https:\/\/api.w.org\/{rel}","templated":true}]}}