{"id":2,"date":"2018-10-11T14:42:02","date_gmt":"2018-10-11T11:42:02","guid":{"rendered":"https:\/\/buyinstagramlikes.io\/?page_id=2"},"modified":"2025-11-19T13:23:17","modified_gmt":"2025-11-19T10:23:17","slug":"glavnaya-stranitsa","status":"publish","type":"page","link":"https:\/\/videosgrow.com\/de\/","title":{"rendered":"G\u00fcnstig &#038; Echte YouTube Klicks kaufen"},"content":{"rendered":"\n<h2 class=\"wp-block-heading\" id=\"warum-sollte-man-youtube-klicks-kaufen\">Warum sollte man YouTube Klicks kaufen?<\/h2>\n\n\n\n<p>Wenn Du jemals dar\u00fcber nachgedacht hast, wieso Du f\u00fcr deine Videos YouTube Views erhalten solltest, haben wir die Antwort f\u00fcr dich! Hierbei handelt es sich um eine ideale Marketing-Strategie, um langfristig mehr Aufrufe zu erhalten. Das liegt daran, dass die Nutzer auf YouTube zuallererst auf die Anzahl der Klicks schauen, um abzuw\u00e4gen, ob dein Kanal f\u00fcr sie relevant und n\u00fctzlich ist.<\/p>\n\n\n\n<p>Damit YT Videoproduzenten ihren Bekanntheitsgrad ausbauen k\u00f6nnen, m\u00fcssen sie so viele Zuschauer wie nur m\u00f6glich an ihren Content binden. Dadurch wirken sie legitim.<\/p>\n\n\n\n<p>Es ist kein Verbrechen, wenn Du von einer vertrauensw\u00fcrdigen Website g\u00fcnstige YouTube Aufrufe kaufen willst. Viele Unternehmer und Influencer gehen auf diese Weise vor &#8211; es ist eine weit verbreitete Methode.<\/p>\n\n\n\n<h3 class=\"wp-block-heading\" id=\"auf-welche-vorteile-durfen-sich-youtuber-freuen-die-yt-views-kaufen-wieso-rentiert-sich-das\">Auf welche Vorteile d\u00fcrfen sich YouTuber freuen, die YT Views kaufen? Wieso rentiert sich das?<\/h3>\n\n\n\n<p>Du erh\u00e4ltst zahlreiche Vorteile, wenn Du Geld f\u00fcr echte Klicks bezahlst. Hier sind einige davon:<\/p>\n\n\n\n<ul class=\"wp-block-list\">\n<li>Wenn die Besucher auf der Plattform bemerken, dass die Zahl deiner Videoklicks um 400, 300 oder 250 ansteigt, wollen sie auch deine Videos sehen.<\/li>\n\n\n\n<li>Andere Unternehmer werden deine Popularit\u00e4t zur Kenntnis nehmen und mit dir zusammenarbeiten wollen.<\/li>\n\n\n\n<li>Je mehr Aufrufe und Zuschauer Du hast, desto mehr potentielle Kunden gewinnst Du.<\/li>\n\n\n\n<li>Es ist eine kosteng\u00fcnstige Art, um deiner Marke Wiedererkennungswert zu verleihen.<\/li>\n<\/ul>\n\n\n\n<p>Das Vorgehen rentiert sich, weil es sich um eine der kosteneffizientesten Marketing-Methoden handelt, die Du anwenden kannst.<\/p>\n\n\n\n<h2 class=\"wp-block-heading\" id=\"wie-soll-man-vorgehen-wenn-man-deutsche-youtube-views-kaufen-will\">Wie soll man vorgehen, wenn man deutsche YouTube Views kaufen will?<\/h2>\n\n\n\n<p>Sobald Du eine Bestellung f\u00fcr die gew\u00fcnschte Anzahl an Views aufgegeben hast &#8211; seien es 100 oder 200 &#8211; wickeln wir die Zahlung ab und fangen innerhalb von 24 Stunden an, echte Clicks f\u00fcr deine Videos auf YouTube zu liefern. Je nachdem, wie gro\u00df das bestellte Paket ist, kann es einige Tage oder ein bis zwei Wochen dauern, bis die Lieferung vollst\u00e4ndig ist.<\/p>\n\n\n\n<p>Wir liefern die bestellten Klicks f\u00fcr YouTube nach und nach, damit alles nat\u00fcrlich wirkt und der Algorithmus keinen Verdacht auf Missbrauch sch\u00f6pft. Wir verwenden keine Bots oder inaktiven Accounts, um deine Views in die H\u00f6he zu treiben. Das ist eine Taktik, die den Algorithmus zu manipulieren versucht, wobei dein Account gemeldet oder gar geschlossen werden k\u00f6nnte.<\/p>\n\n\n\n<p>Im Gegensatz dazu ist es zu 100% legal, f\u00fcr Traffic von existierenden, authentischen Personen zu bezahlen, weshalb Du keine Angst vor negativen Konsequenzen haben musst.<\/p>\n\n\n\n<h2 class=\"wp-block-heading\" id=\"wie-wirken-sich-gekaufte-videoklicks-auf-das-ranking-aus-und-wie-kann-das-fur-s-geschaft-gut-sein\">Wie wirken sich gekaufte Videoklicks auf das Ranking aus, und wie kann das f\u00fcr\u2019s Gesch\u00e4ft gut sein?<\/h2>\n\n\n\n<p>Wer echte, deutsche YouTube Klicks f\u00fcr wenig Geld kauft, kann dabei zusehen, wie die eigenen Videos im Ranking aufsteigen. Denn sobald der Algorithmus viele Plays f\u00fcr deine Videos verzeichnet, katapultiert er sie an die Spitze der Suchergebnisse.<\/p>\n\n\n\n<p>Sobald Du das geschafft hast, stehen deine Chancen viel besser, dass andere Nutzer aus eigener \u00dcberzeugung heraus deine Videos anschauen. Diesen Traffic, den man als organisch bezeichnet, brauchst Du, wenn Du deine Produkte und Dienstleistungen an den Mann bringen willst.<\/p>\n\n\n\n<p>Wenn das neue Publikum deinen Content gut findet, erh\u00e4lt deine Marke mehr Anerkennung. Da die Zuschauer Vertrauen zu dir aufbauen, werden sie h\u00f6chstwahrscheinlich auch deine Website besuchen und sich in Kunden verwandeln.<\/p>\n\n\n\n<h2 class=\"wp-block-heading\" id=\"fur-wen-lohnt-es-sich-am-meisten-fur-youtube-klicks-zu-zahlen-warum-sollte-man-hierfur-videosgrow-in-anspruch-nehmen\">F\u00fcr wen lohnt es sich am meisten, f\u00fcr YouTube Klicks zu zahlen? Warum sollte man hierf\u00fcr VideosGrow in Anspruch nehmen?<\/h2>\n\n\n\n<p>Verschiedene Arten von Videoproduzenten k\u00f6nnen davon profitieren, wenn sie Klicks f\u00fcr YouTube auf unserer Seite kaufen. Wenn dein Unternehmen z.B. ganz neu auf der Plattform ist und noch nicht sehr bekannt ist, kannst Du mit einem Paket von VideosGrow die Aufmerksamkeit auf dein Angebot lenken.<\/p>\n\n\n\n<p>Dies spricht f\u00fcr unseren Service:<\/p>\n\n\n\n<ul class=\"wp-block-list\">\n<li>VideosGrow.com ist die beste Anlaufstelle, wenn YouTube Views kaufen g\u00fcnstig sein soll &#8211; selbst bei gro\u00dfen Bestellungen f\u00fcr 100000 Klicks!<\/li>\n\n\n\n<li>Wir wenden eine bew\u00e4hrte Liefermethode an, die dir ganz sicher ein organisches Wachstum einbringt.<\/li>\n\n\n\n<li>Wenn Du gr\u00f6\u00dfere Bestellungen auf einmal aufgibst, reduzieren sich die Kosten.<\/li>\n\n\n\n<li>Unser Service-Team ist stets bereit, deine Fragen zu beantworten und deine Anliegen zu bearbeiten.<\/li>\n<\/ul>\n\n\n\n<h3 class=\"wp-block-heading\" id=\"wie-erhalt-man-views-die-gunstig-und-echt-menschlich-sind-wie-viel-bezahlt-man-dafur\">Wie erh\u00e4lt man Views, die g\u00fcnstig und echt menschlich sind? Wie viel bezahlt man daf\u00fcr?<\/h3>\n\n\n\n<p>Du kannst auf VideosGrow.com deutsche YouTube Aufrufe kaufen, indem Du folgende Schritte befolgst:<\/p>\n\n\n\n<ul class=\"wp-block-list\">\n<li>W\u00e4hle die Anzahl an Klicks aus, die Du haben willst. <\/li>\n\n\n\n<li>Gib die Daten zu deinem YouTube Kanal und Video ein.<\/li>\n\n\n\n<li>Nenne uns die Nummer deiner Kreditkarte, um die Zahlung abzuwickeln.<\/li>\n\n\n\n<li>Verrate uns deine E-Mail-Adresse, um die Bestellung zu best\u00e4tigen.<\/li>\n\n\n\n<li>Danach kannst Du dich zur\u00fccklehnen, w\u00e4hrend wir binnen 24 Stunden die ersten Aufrufe liefern.<\/li>\n<\/ul>\n\n\n\n<p>Jedes unserer Pakete hat einen anderen Preis. Je mehr Views Du bestellst, desto mehr Geld kannst Du sparen. Wir sind mit Abstand der billigste Verk\u00e4ufer f\u00fcr YouTube Klicks online!<\/p>\n\n\n\n<p>Wir bieten unseren Service nicht nur in Deutschland an. Du kannst selbst dann YT Klicks kaufen, wenn Du in den USA, Indien, Kanada, Australien, Nigeria oder ganz woanders wohnst.<\/p>\n","protected":false},"excerpt":{"rendered":"<p>Warum sollte man YouTube Klicks kaufen? Wenn Du jemals dar\u00fcber nachgedacht hast, wieso Du f\u00fcr deine Videos YouTube Views erhalten solltest, haben wir die Antwort f\u00fcr dich! Hierbei handelt es sich um eine ideale Marketing-Strategie, um langfristig mehr Aufrufe zu erhalten. Das liegt daran, dass die Nutzer auf YouTube zuallererst&#8230;<\/p>\n","protected":false},"author":1,"featured_media":0,"parent":0,"menu_order":0,"comment_status":"closed","ping_status":"open","template":"","meta":{"_acf_changed":false,"footnotes":""},"class_list":["post-2","page","type-page","status-publish","hentry"],"translation":{"provider":"WPGlobus","version":"2.12.2","language":"de","enabled_languages":["en","de"],"languages":{"en":{"title":true,"content":true,"excerpt":false},"de":{"title":true,"content":true,"excerpt":false}}},"acf":[],"yoast_head":"<!-- This site is optimized with the Yoast SEO plugin v25.2 - https:\/\/yoast.com\/wordpress\/plugins\/seo\/ -->\n<title>\u1409 YouTube Klicks kaufen \ud83d\udc41\ufe0f Deutsche &amp; G\u00fcnstig Video Views<\/title>\n<meta name=\"description\" content=\"Kaufen Deutsche YouTube Aufrufe\u3010Top Qualit\u00e4t\u3011\u27a8 Mehr sichere &amp; legal Video Klicks f\u00fcr YT \u2714\ufe0f Sofortlieferung \u23e9 G\u00fcnstig Views vom echte Nutzer \u2b50\ufe0f Deutschland\" \/>\n<meta name=\"robots\" content=\"index, follow, max-snippet:-1, max-image-preview:large, max-video-preview:-1\" \/>\n<link rel=\"canonical\" href=\"https:\/\/videosgrow.com\/\" \/>\n<meta property=\"og:type\" content=\"article\" \/>\n<meta property=\"og:title\" content=\"\u1409 YouTube Klicks kaufen \ud83d\udc41\ufe0f Deutsche &amp; G\u00fcnstig Video Views\" \/>\n<meta property=\"og:description\" content=\"Kaufen Deutsche YouTube Aufrufe\u3010Top Qualit\u00e4t\u3011\u27a8 Mehr sichere &amp; legal Video Klicks f\u00fcr YT \u2714\ufe0f Sofortlieferung \u23e9 G\u00fcnstig Views vom echte Nutzer \u2b50\ufe0f Deutschland\" \/>\n<meta property=\"og:url\" content=\"https:\/\/videosgrow.com\/\" \/>\n<meta property=\"og:site_name\" content=\"VideosGrow\" \/>\n<meta property=\"og:image\" content=\"https:\/\/videosgrow.com\/de\/\/wp-content\/themes\/likes\/assets\/img\/videosgrow-logo.png\" \/><meta property=\"og:image\" content=\"https:\/\/videosgrow.com\/wp-content\/uploads\/2020\/07\/cheap-real-youtube-views.png\" \/>\n\t<meta property=\"og:image:width\" content=\"400\" \/>\n\t<meta property=\"og:image:height\" content=\"300\" \/>\n\t<meta property=\"og:image:type\" content=\"image\/png\" \/>\n<meta name=\"twitter:card\" content=\"summary_large_image\" \/>\n<meta name=\"twitter:title\" content=\"\u1409 YouTube Klicks kaufen \ud83d\udc41\ufe0f Deutsche &amp; G\u00fcnstig Video Views\" \/>\n<meta name=\"twitter:description\" content=\"Kaufen Deutsche YouTube Aufrufe\u3010Top Qualit\u00e4t\u3011\u27a8 Mehr sichere &amp; legal Video Klicks f\u00fcr YT \u2714\ufe0f Sofortlieferung \u23e9 G\u00fcnstig Views vom echte Nutzer \u2b50\ufe0f Deutschland\" \/>\n<meta name=\"twitter:label1\" content=\"Est. reading time\" \/>\n\t<meta name=\"twitter:data1\" content=\"13 minutes\" \/>\n<!-- \/ Yoast SEO plugin. -->","yoast_head_json":{"title":"\u1409 YouTube Klicks kaufen \ud83d\udc41\ufe0f Deutsche & G\u00fcnstig Video Views","description":"Kaufen Deutsche YouTube Aufrufe\u3010Top Qualit\u00e4t\u3011\u27a8 Mehr sichere & legal Video Klicks f\u00fcr YT \u2714\ufe0f Sofortlieferung \u23e9 G\u00fcnstig Views vom echte Nutzer \u2b50\ufe0f Deutschland","robots":{"index":"index","follow":"follow","max-snippet":"max-snippet:-1","max-image-preview":"max-image-preview:large","max-video-preview":"max-video-preview:-1"},"canonical":"https:\/\/videosgrow.com\/","og_type":"article","og_title":"\u1409 YouTube Klicks kaufen \ud83d\udc41\ufe0f Deutsche & G\u00fcnstig Video Views","og_description":"Kaufen Deutsche YouTube Aufrufe\u3010Top Qualit\u00e4t\u3011\u27a8 Mehr sichere & legal Video Klicks f\u00fcr YT \u2714\ufe0f Sofortlieferung \u23e9 G\u00fcnstig Views vom echte Nutzer \u2b50\ufe0f Deutschland","og_url":"https:\/\/videosgrow.com\/","og_site_name":"VideosGrow","og_image":[{"url":"https:\/\/videosgrow.com\/de\/\/wp-content\/themes\/likes\/assets\/img\/videosgrow-logo.png","type":"","width":"","height":""},{"width":400,"height":300,"url":"https:\/\/videosgrow.com\/wp-content\/uploads\/2020\/07\/cheap-real-youtube-views.png","type":"image\/png"}],"twitter_card":"summary_large_image","twitter_title":"\u1409 YouTube Klicks kaufen \ud83d\udc41\ufe0f Deutsche & G\u00fcnstig Video Views","twitter_description":"Kaufen Deutsche YouTube Aufrufe\u3010Top Qualit\u00e4t\u3011\u27a8 Mehr sichere & legal Video Klicks f\u00fcr YT \u2714\ufe0f Sofortlieferung \u23e9 G\u00fcnstig Views vom echte Nutzer \u2b50\ufe0f Deutschland","twitter_misc":{"Est. reading time":"13 minutes"},"schema":{"@context":"https:\/\/schema.org","@graph":[{"@type":"WebPage","@id":"https:\/\/videosgrow.com\/","url":"https:\/\/videosgrow.com\/","name":"Buy YouTube Views - Purchase Real YouTube Views | VideosGrow","isPartOf":{"@id":"https:\/\/videosgrow.com\/#website"},"primaryImageOfPage":{"@id":"https:\/\/videosgrow.com\/#primaryimage"},"image":{"@id":"https:\/\/videosgrow.com\/#primaryimage"},"thumbnailUrl":"https:\/\/videosgrow.com\/wp-content\/uploads\/2020\/07\/cheap-real-youtube-views.png","datePublished":"2018-10-11T11:42:02+00:00","dateModified":"2025-11-19T10:23:17+00:00","description":"The Best Site to Get Fast\u3010QUALITY\u3011YT Video Views \u27a8 Pay for Real Viewers \u2714\ufe0f at Low Price \u23e9 Buying \ud83d\udc41\ufe0f High Retention & Country Targeted \u2b50\ufe0f Hits!","breadcrumb":{"@id":"https:\/\/videosgrow.com\/#breadcrumb"},"inLanguage":"de-DE","potentialAction":[{"@type":"ReadAction","target":["https:\/\/videosgrow.com\/"]}]},{"@type":"ImageObject","inLanguage":"de-DE","@id":"https:\/\/videosgrow.com\/#primaryimage","url":"https:\/\/videosgrow.com\/wp-content\/uploads\/2020\/07\/cheap-real-youtube-views.png","contentUrl":"https:\/\/videosgrow.com\/wp-content\/uploads\/2020\/07\/cheap-real-youtube-views.png"},{"@type":"BreadcrumbList","@id":"https:\/\/videosgrow.com\/#breadcrumb","itemListElement":[{"@type":"ListItem","position":1,"name":"\u0413\u043b\u0430\u0432\u043d\u0430\u044f \u0441\u0442\u0440\u0430\u043d\u0438\u0446\u0430","item":"https:\/\/videosgrow.com\/"},{"@type":"ListItem","position":2,"name":"Buy YouTube Views"}]},{"@type":"WebSite","@id":"https:\/\/videosgrow.com\/#website","url":"https:\/\/videosgrow.com\/","name":"VideosGrow","description":"Real Instant Youtube Views &amp; Likes","potentialAction":[{"@type":"SearchAction","target":{"@type":"EntryPoint","urlTemplate":"https:\/\/videosgrow.com\/?s={search_term_string}"},"query-input":{"@type":"PropertyValueSpecification","valueRequired":true,"valueName":"search_term_string"}}],"inLanguage":"de-DE"}]}},"_links":{"self":[{"href":"https:\/\/videosgrow.com\/de\/wp-json\/wp\/v2\/pages\/2","targetHints":{"allow":["GET"]}}],"collection":[{"href":"https:\/\/videosgrow.com\/de\/wp-json\/wp\/v2\/pages"}],"about":[{"href":"https:\/\/videosgrow.com\/de\/wp-json\/wp\/v2\/types\/page"}],"author":[{"embeddable":true,"href":"https:\/\/videosgrow.com\/de\/wp-json\/wp\/v2\/users\/1"}],"replies":[{"embeddable":true,"href":"https:\/\/videosgrow.com\/de\/wp-json\/wp\/v2\/comments?post=2"}],"version-history":[{"count":458,"href":"https:\/\/videosgrow.com\/de\/wp-json\/wp\/v2\/pages\/2\/revisions"}],"predecessor-version":[{"id":11374,"href":"https:\/\/videosgrow.com\/de\/wp-json\/wp\/v2\/pages\/2\/revisions\/11374"}],"wp:attachment":[{"href":"https:\/\/videosgrow.com\/de\/wp-json\/wp\/v2\/media?parent=2"}],"curies":[{"name":"wp","href":"https:\/\/api.w.org\/{rel}","templated":true}]}}