{"id":11,"date":"2018-10-11T15:09:05","date_gmt":"2018-10-11T12:09:05","guid":{"rendered":"https:\/\/buyinstagramlikes.io\/?page_id=11"},"modified":"2025-08-28T13:44:21","modified_gmt":"2025-08-28T10:44:21","slug":"buy-youtube-likes","status":"publish","type":"page","link":"https:\/\/videosgrow.com\/de\/buy-youtube-likes\/","title":{"rendered":"Likes"},"content":{"rendered":"\n<h2>Kaufen Sie echte YouTube-Likes<\/h2>\n\n\n\n<p>YouTube-Likes sind ein wichtiges Mittel zur Demonstration f\u00fcr die Relevanz und Popularit\u00e4t Ihrer Videoinhalte. Wenn Sie eine individuelle Wertsch\u00e4tzung Ihrer Zuschauer Ihrer Zuschauerin erhalten m\u00f6chten, dann m\u00fcssen Sie eine gute Strategie aufweisen, um so viele YouTube-Likes wie m\u00f6glich zu erhalten.<\/p>\n\n\n\n<p>Um YouTube-Likes in der erforderlichen Menge zu bekommen, m\u00fcssen Sie sich den Ablauf Ihrer Marketingstrategie genau \u00fcberlegen und jeden Schritt verantwortungsbewusst verfolgen. Da viele Likes soziale Motivatoren sind und andere Menschen dazu ermutigen, sich f\u00fcr Ihre Videos zu interessieren, werden sie Ihnen sicherlich dabei helfen, Ihre gew\u00fcnschten Ziele schnell zu erreichen. Je mehr Ihre Inhalte von YouTube gemocht werden, desto mehr Nutzer werden Ihre Videos ansehen und sie mit ihren Freunden teilen.<\/p>\n\n\n\n<p>Sie k\u00f6nnen jedoch immer YouTube-Likes kaufen, was billig ist und wenig Risiko beinhaltet, egal ob Ihre Strategie funktioniert oder nicht. Sie m\u00fcssen sich daf\u00fcr nur an ein Unternehmen wenden, welches diese Dienste anbietet, und das Paket ausw\u00e4hlen, das Ihnen gef\u00e4llt.<\/p>\n\n\n\n<h2 class=\"wp-block-heading\" id=\"warum-sollte-ich-likes-auf-youtube-kaufen\">Warum sollte ich Likes auf YouTube kaufen?<\/h2>\n\n\n\n<p>Es gibt viele Gr\u00fcnde, warum Benutzer Likes f\u00fcr YouTube-Videos kaufen: Einige Leute wollen einfach nur die Anzahl der Views erh\u00f6hen, w\u00e4hrend andere Popularit\u00e4t gewinnen oder das Interesse der Benutzer behalten wollen.<\/p>\n\n\n\n<p>Ein solcher Service hat folgende Vorteile:<\/p>\n\n\n\n<ul class=\"wp-block-list\"><li>Eine lebhafte Aktivit\u00e4t beschleunigt die Platzierung des Videos an die Spitze der YouTube-Suche und die Nutzer werden Ihre Videos n\u00fctzlich und interessant finden.<\/li><li>Likes sind ein Indikator f\u00fcr die Sympathie f\u00fcr Ihre Inhalte. Je mehr Likes Sie sammeln, desto mehr Vertrauen erhalten Sie von dem Publikum, das Ihre Videos zum ersten Mal ansieht.<\/li><li>In einigen F\u00e4llen k\u00f6nnen Likes als Werbung fungieren. Wenn Benutzer die Wiedergabeliste \u201cBeliebte Videos\u201d \u00f6ffnen, wird Ihr Video mit einer entsprechenden Anzahl an Likes&nbsp; automatisch auf diesen Seiten angezeigt. Dementsprechend k\u00f6nnen die Abonnenten dieser Benutzer auch Ihr Video ansehen.<\/li><li>Mit Hilfe von Likes binden Sie die Nutzer an Ihren Kanal und seine Inhalte. So funktioniert der \u201cCrowd-Effekt\u201d: Wenn eine gro\u00dfe Anzahl von Nutzern Ihr Video mochte, dann ist es wahrscheinlich, dass dem n\u00e4chsten Nutzer ebenfalls Ihr Video gef\u00e4llt.<\/li><\/ul>\n\n\n\n<p>Wie Sie sehen k\u00f6nnen, erhalten Sie zus\u00e4tzlich zu der Sichtbarkeit der Popularit\u00e4t im sozialen Netzwerk einen nachhaltigen und greifbaren Effekt. Mit diesen Ressourcen reduzieren Sie die Zahl der Nutzer, die Ihren Kanal nicht liken.<\/p>\n\n\n\n<h2 class=\"wp-block-heading\" id=\"wie-funktioniert-der-kauf-von-youtube-likes\">Wie funktioniert der Kauf von YouTube-Likes?<\/h2>\n\n\n\n<p>Likes sind ein Indikator f\u00fcr Aktivit\u00e4t, sowohl im Video als auch auf dem Kanal als Ganzes. Es bedeutet, dass jede Suchmaschine eine gro\u00dfe Anzahl von Likes&nbsp; als hohes Interesse der Nutzer ansieht.<\/p>\n\n\n\n<p>Der Kauf von YouTube-Likes ist sehr n\u00fctzlich f\u00fcr Sie, da es auch f\u00fcr die n\u00e4chsten Schritte hilfreich ist:<\/p>\n\n\n\n<ul class=\"wp-block-list\"><li>Die rege Aktivit\u00e4t der Abonnenten wird durch die Plattform und andere Systeme ber\u00fccksichtigt, was Ihnen hilft, sehr schnell zu einem der f\u00fchrenden Anbieter bestimmter Inhalte zu werden. Auf diese Weise kann Ihr Traffic deutlich steigen.<\/li><li>Wenn Sie Likes kaufen, haben Sie die M\u00f6glichkeit, den Eindruck eines erfolgreichen Kanals zu erwecken. Eine gro\u00dfe Anzahl von Likes auf YouTube weckt das Vertrauen der Zuschauer in Ihr Video und seine Inhalte. Meistens stimmt ein einzelner Benutzer mit der Meinung der Mehrheit \u00fcberein, so dass er beim Beginn des Videos bereits sicher ist, dass ihm das Video gefallen wird.<\/li><li>Einige Channel-Besitzer ver\u00f6ffentlichen regelm\u00e4\u00dfig eine Liste von Videos, die ihnen auf YouTube gefallen, und zeigen sie ihren Abonnenten und Zuschauern. Wenn ein Benutzer einen Videoclip ausw\u00e4hlen m\u00f6chte, wird er in der Liste angezeigt. In diesem Zusammenhang kann jeder einzelne Like wie unter Ihrem Video als Werbung dienen. Alle Abonnenten des Kanals k\u00f6nnen sich das Video auch ansehen.<\/li><\/ul>\n\n\n\n<p>Je mehr Likes also Ihr Video hat, desto eher verbessert sich Ihre Bewertung auf der Plattform.<\/p>\n\n\n\n<h2 class=\"wp-block-heading\" id=\"warum-sollten-sie-youtube-likes-von-videosgrow-kaufen\">Warum sollten Sie YouTube-Likes von VideosGrow kaufen?<\/h2>\n\n\n\n<p>Da es inzwischen eine gro\u00dfe Anzahl von Websites gibt, die diese kostenpflichtigen Dienste anbieten, empfehlen wir, keine Zeit mit der Suche zu verschwenden und VideosGrow zu w\u00e4hlen. Hier k\u00f6nnen Sie YouTube-Likes zum niedrigsten Preis im Internet kaufen. Um dies zu bewerkstelligen, m\u00fcssen Sie nur den Link zum YouTube-Video und die Anzahl der Likes angeben, die Sie erhalten m\u00f6chten, und wir erledigen den Rest der Arbeit.<\/p>\n\n\n\n<h3 class=\"wp-block-heading\" id=\"wenn-sie-einen-kauf-auf-unserer-website-tatigen-konnen-sie-sich-immer-darauf-verlassen\">Wenn Sie einen Kauf auf unserer Website t\u00e4tigen, k\u00f6nnen Sie sich immer darauf verlassen:<\/h3>\n\n\n\n<ul class=\"wp-block-list\"><li>Qualitativ hochwertige Dienstleistungen<\/li><li>Eine gro\u00dfe Auswahl an Paketen<\/li><li>G\u00fcnstige YouTube-Likes<\/li><li>Benutzerfreundliches Kontrollpanel<\/li><li>Praktisches Antragsformular<\/li><li>Schnellbestellung<\/li><li>Sichere Zahlungsmethoden<\/li><li>Prompte Lieferung<\/li><li>Hohe Loyalit\u00e4t<\/li><li>Professionelle Beratung rund um die Uhr<\/li><li>Vollst\u00e4ndiger Schutz Ihrer Daten<\/li><\/ul>\n\n\n\n<p>Sie werden in der Lage sein, sich mit den Garantien der Dienstleistungen vertraut zu machen und bei Bedarf zus\u00e4tzliche Informationen zu erhalten. Versuchen Sie jetzt einen Auftrag zu erteilen und beurteilen Sie die Qualit\u00e4t unserer Arbeit. Gerne beantworten wir alle Ihre Fragen, die Sie unserem Support-Team freiwillig stellen k\u00f6nnen.Sie k\u00f6nnen sich jederzeit mit den Inhalten&nbsp; der einzelnen Dienstleistungen vertraut machen und bei Bedarf zus\u00e4tzliche Informationen erhalten. Erteilen Sie jetzt einen Auftrag und bewerten Sie die Qualit\u00e4t unserer Arbeit. Gerne beantwortet unser Support-Team alle Ihre Fragen.<\/p>\n","protected":false},"excerpt":{"rendered":"<p>Kaufen Sie echte YouTube-Likes YouTube-Likes sind ein wichtiges Mittel zur Demonstration f\u00fcr die Relevanz und Popularit\u00e4t Ihrer Videoinhalte. Wenn Sie eine individuelle Wertsch\u00e4tzung Ihrer Zuschauer Ihrer Zuschauerin erhalten m\u00f6chten, dann m\u00fcssen Sie eine gute Strategie aufweisen, um so viele YouTube-Likes wie m\u00f6glich zu erhalten. Um YouTube-Likes in der erforderlichen Menge&#8230;<\/p>\n","protected":false},"author":1,"featured_media":0,"parent":0,"menu_order":0,"comment_status":"closed","ping_status":"closed","template":"","meta":{"_acf_changed":false,"footnotes":""},"class_list":["post-11","page","type-page","status-publish","hentry"],"translation":{"provider":"WPGlobus","version":"2.12.2","language":"de","enabled_languages":["en","de"],"languages":{"en":{"title":true,"content":true,"excerpt":false},"de":{"title":true,"content":true,"excerpt":false}}},"acf":[],"yoast_head":"<!-- This site is optimized with the Yoast SEO plugin v25.2 - https:\/\/yoast.com\/wordpress\/plugins\/seo\/ -->\n<title>\u1409 YouTube Likes kaufen \u2764\ufe0f Deutsche &amp; G\u00fcnstig Video Likes<\/title>\n<meta name=\"description\" content=\"Kaufen\u3010Deutsche\u3011YT Likes \u2714\ufe0f Top Qualit\u00e4t \u27a8 Mehr echte Daumen Hoch f\u00fcr dein YT Video \u23e9 Legal &amp; G\u00fcnstig Likes auf YouTube \u26a1 Sofortlieferung\" \/>\n<meta name=\"robots\" content=\"index, follow, max-snippet:-1, max-image-preview:large, max-video-preview:-1\" \/>\n<link rel=\"canonical\" href=\"https:\/\/videosgrow.com\/buy-youtube-likes\/\" \/>\n<meta property=\"og:type\" content=\"article\" \/>\n<meta property=\"og:title\" content=\"\u1409 YouTube Likes kaufen \u2764\ufe0f Deutsche &amp; G\u00fcnstig Video Likes\" \/>\n<meta property=\"og:description\" content=\"Kaufen\u3010Deutsche\u3011YT Likes \u2714\ufe0f Top Qualit\u00e4t \u27a8 Mehr echte Daumen Hoch f\u00fcr dein YT Video \u23e9 Legal &amp; G\u00fcnstig Likes auf YouTube \u26a1 Sofortlieferung\" \/>\n<meta property=\"og:url\" content=\"https:\/\/videosgrow.com\/buy-youtube-likes\/\" \/>\n<meta property=\"og:site_name\" content=\"VideosGrow\" \/>\n<meta property=\"og:image\" content=\"https:\/\/videosgrow.com\/de\/\/wp-content\/themes\/likes\/assets\/img\/videosgrow-logo.png\" \/>\n<meta name=\"twitter:card\" content=\"summary_large_image\" \/>\n<meta name=\"twitter:title\" content=\"\u1409 YouTube Likes kaufen \u2764\ufe0f Deutsche &amp; G\u00fcnstig Video Likes\" \/>\n<meta name=\"twitter:description\" content=\"Kaufen\u3010Deutsche\u3011YT Likes \u2714\ufe0f Top Qualit\u00e4t \u27a8 Mehr echte Daumen Hoch f\u00fcr dein YT Video \u23e9 Legal &amp; G\u00fcnstig Likes auf YouTube \u26a1 Sofortlieferung\" \/>\n<meta name=\"twitter:label1\" content=\"Est. reading time\" \/>\n\t<meta name=\"twitter:data1\" content=\"4 minutes\" \/>\n<!-- \/ Yoast SEO plugin. -->","yoast_head_json":{"title":"\u1409 YouTube Likes kaufen \u2764\ufe0f Deutsche & G\u00fcnstig Video Likes","description":"Kaufen\u3010Deutsche\u3011YT Likes \u2714\ufe0f Top Qualit\u00e4t \u27a8 Mehr echte Daumen Hoch f\u00fcr dein YT Video \u23e9 Legal & G\u00fcnstig Likes auf YouTube \u26a1 Sofortlieferung","robots":{"index":"index","follow":"follow","max-snippet":"max-snippet:-1","max-image-preview":"max-image-preview:large","max-video-preview":"max-video-preview:-1"},"canonical":"https:\/\/videosgrow.com\/buy-youtube-likes\/","og_type":"article","og_title":"\u1409 YouTube Likes kaufen \u2764\ufe0f Deutsche & G\u00fcnstig Video Likes","og_description":"Kaufen\u3010Deutsche\u3011YT Likes \u2714\ufe0f Top Qualit\u00e4t \u27a8 Mehr echte Daumen Hoch f\u00fcr dein YT Video \u23e9 Legal & G\u00fcnstig Likes auf YouTube \u26a1 Sofortlieferung","og_url":"https:\/\/videosgrow.com\/buy-youtube-likes\/","og_site_name":"VideosGrow","og_image":[{"url":"https:\/\/videosgrow.com\/de\/\/wp-content\/themes\/likes\/assets\/img\/videosgrow-logo.png","type":"","width":"","height":""}],"twitter_card":"summary_large_image","twitter_title":"\u1409 YouTube Likes kaufen \u2764\ufe0f Deutsche & G\u00fcnstig Video Likes","twitter_description":"Kaufen\u3010Deutsche\u3011YT Likes \u2714\ufe0f Top Qualit\u00e4t \u27a8 Mehr echte Daumen Hoch f\u00fcr dein YT Video \u23e9 Legal & G\u00fcnstig Likes auf YouTube \u26a1 Sofortlieferung","twitter_misc":{"Est. reading time":"4 minutes"},"schema":{"@context":"https:\/\/schema.org","@graph":[{"@type":"WebPage","@id":"https:\/\/videosgrow.com\/buy-youtube-likes\/","url":"https:\/\/videosgrow.com\/buy-youtube-likes\/","name":"\u1409 YouTube Likes kaufen \u2764\ufe0f Deutsche & G\u00fcnstig Video Likes","isPartOf":{"@id":"https:\/\/videosgrow.com\/#website"},"datePublished":"2018-10-11T12:09:05+00:00","dateModified":"2025-08-28T10:44:21+00:00","description":"Kaufen\u3010Deutsche\u3011YT Likes \u2714\ufe0f Top Qualit\u00e4t \u27a8 Mehr echte Daumen Hoch f\u00fcr dein YT Video \u23e9 Legal & G\u00fcnstig Likes auf YouTube \u26a1 Sofortlieferung","breadcrumb":{"@id":"https:\/\/videosgrow.com\/buy-youtube-likes\/#breadcrumb"},"inLanguage":"de-DE","potentialAction":[{"@type":"ReadAction","target":["https:\/\/videosgrow.com\/buy-youtube-likes\/"]}]},{"@type":"BreadcrumbList","@id":"https:\/\/videosgrow.com\/buy-youtube-likes\/#breadcrumb","itemListElement":[{"@type":"ListItem","position":1,"name":"\u0413\u043b\u0430\u0432\u043d\u0430\u044f \u0441\u0442\u0440\u0430\u043d\u0438\u0446\u0430","item":"https:\/\/videosgrow.com\/"},{"@type":"ListItem","position":2,"name":"Likes"}]},{"@type":"WebSite","@id":"https:\/\/videosgrow.com\/#website","url":"https:\/\/videosgrow.com\/","name":"VideosGrow","description":"Real Instant Youtube Views &amp; Likes","potentialAction":[{"@type":"SearchAction","target":{"@type":"EntryPoint","urlTemplate":"https:\/\/videosgrow.com\/?s={search_term_string}"},"query-input":{"@type":"PropertyValueSpecification","valueRequired":true,"valueName":"search_term_string"}}],"inLanguage":"de-DE"}]}},"_links":{"self":[{"href":"https:\/\/videosgrow.com\/de\/wp-json\/wp\/v2\/pages\/11","targetHints":{"allow":["GET"]}}],"collection":[{"href":"https:\/\/videosgrow.com\/de\/wp-json\/wp\/v2\/pages"}],"about":[{"href":"https:\/\/videosgrow.com\/de\/wp-json\/wp\/v2\/types\/page"}],"author":[{"embeddable":true,"href":"https:\/\/videosgrow.com\/de\/wp-json\/wp\/v2\/users\/1"}],"replies":[{"embeddable":true,"href":"https:\/\/videosgrow.com\/de\/wp-json\/wp\/v2\/comments?post=11"}],"version-history":[{"count":222,"href":"https:\/\/videosgrow.com\/de\/wp-json\/wp\/v2\/pages\/11\/revisions"}],"predecessor-version":[{"id":10370,"href":"https:\/\/videosgrow.com\/de\/wp-json\/wp\/v2\/pages\/11\/revisions\/10370"}],"wp:attachment":[{"href":"https:\/\/videosgrow.com\/de\/wp-json\/wp\/v2\/media?parent=11"}],"curies":[{"name":"wp","href":"https:\/\/api.w.org\/{rel}","templated":true}]}}